{"id":1209,"date":"2025-09-14T01:41:59","date_gmt":"2025-09-14T01:41:59","guid":{"rendered":"https:\/\/retalpro.com\/?page_id=1209"},"modified":"2025-10-05T23:26:53","modified_gmt":"2025-10-05T23:26:53","slug":"qui-sommes-nous","status":"publish","type":"page","link":"https:\/\/retalpro.com\/en\/qui-sommes-nous\/","title":{"rendered":"Who are we?"},"content":{"rendered":"<div class=\"wpb-content-wrapper\"><div class=\"vc_row wpb_row top-row vc_custom_1659506354463 porto-inner-container wpb_custom_034b39d9bc6c6b310d69e39f0ccf274f\"><div class=\"porto-wrap-container container\"><div class=\"row\"><div class=\"vc_column_container col-md-12\"><div class=\"wpb_wrapper vc_column-inner\"><div class=\"porto-image-frame  banner-qui-sommes_nous\"><img loading=\"lazy\" decoding=\"async\" alt=\"\" src=\"\/\/retalpro.com\/wp-content\/uploads\/2025\/09\/Capture-decran-2025-09-06-210721.png\" class=\"img-responsive img-rounded img-box-shadow\" width=\"824\" height=\"262\"><\/div><div class=\"porto-u-heading m-b-md  wpb_custom_95aa9a11c17ad45cfabaf210d84ee7cc porto-u-ad87e2eaf3f9c495180fe0156ddf3eb0\"><div class=\"porto-u-main-heading\"><h2   style=\"font-weight:700;color:#21293c;margin-bottom: 15px;font-size:19px;\">Introducing our company<\/h2><\/div><div class=\"porto-u-sub-heading\" style=\"\">Since 2015, Retal Pro has been your trusted partner in the import and distribution of professional cleaning equipment and solutions in Morocco.<\/p>\n<p>We offer a complete range of hygiene machines, carts, tools and consumables to meet the needs of the most demanding sectors: local authorities, industry, hotels, hospitals and cleaning companies.<\/div><style>.porto-u-ad87e2eaf3f9c495180fe0156ddf3eb0.porto-u-heading{text-align:left}<\/style><\/div><div class=\"porto-u-heading  wpb_custom_7860c641a74defd999337c4629385b29 porto-u-ad87e2eaf3f9c495180fe0156ddf3eb0\"><div class=\"porto-u-main-heading\"><div   style=\"margin-bottom: 20px;\">Fort d\u2019une exp\u00e9rience solide et d\u2019un r\u00e9seau de fournisseurs rigoureusement s\u00e9lectionn\u00e9s, Retal Pro garantit des produits certifi\u00e9s et fiables, un accompagnement personnalis\u00e9 et une disponibilit\u00e9 permanente pour vous assurer la meilleure r\u00e9activit\u00e9.<\/div><\/div><div class=\"porto-u-sub-heading\" style=\"color: var(--porto-primary-light-5);\">Our mission is clear: to provide you with the best tools to guarantee cleanliness, safety and efficiency on a daily basis.<\/div><style>.porto-u-ad87e2eaf3f9c495180fe0156ddf3eb0.porto-u-heading{text-align:left}<\/style><\/div><\/div><\/div><\/div><\/div><\/div><div class=\"vc_row wpb_row top-row vc_custom_1519805538811 vc_row-has-fill porto-inner-container wpb_custom_034b39d9bc6c6b310d69e39f0ccf274f\"><div class=\"porto-wrap-container container\"><div class=\"row\"><div class=\"vc_column_container col-md-12\"><div class=\"wpb_wrapper vc_column-inner\"><div class=\"porto-u-heading m-b-md  wpb_custom_95aa9a11c17ad45cfabaf210d84ee7cc porto-u-ad87e2eaf3f9c495180fe0156ddf3eb0\"><div class=\"porto-u-main-heading\"><h2   style=\"font-weight:700;color:#21293c;font-size:19px;\">why choose us?<\/h2><\/div><style>.porto-u-ad87e2eaf3f9c495180fe0156ddf3eb0.porto-u-heading{text-align:left}<\/style><\/div><div class=\"vc_row wpb_row vc_inner row vc_row-o-equal-height vc_row-flex\"><div class=\"vc_column_container col-md-4\"><div class=\"wpb_wrapper vc_column-inner\"><div class=\"porto-sicon-box  vc_custom_1758376637713  wpb_custom_bdd40286b3d5177138595b01c26b75ab style_1 top-icon\"><div class=\"porto-sicon-top\"><div class=\"porto-just-icon-wrapper porto-icon none\" style=\"color:#0088cc;font-size:55px;\"><i class=\"porto-icon-star-empty\"><\/i><\/div><\/div><div class=\"porto-sicon-header\" style=\"margin-bottom:12px;\"><h3 class=\"porto-sicon-title\" style=\"font-weight:600;font-size:18px;color:#21293c;line-height:20px;\">Nearly 10 years of expertise<\/h3><\/div> <!-- header --><div class=\"porto-sicon-description\" style=\"font-size:15px;line-height:27px;\">and expertise in professional cleaning.<\/div> <!-- description --><\/div><!-- porto-sicon-box --><\/div><\/div><div class=\"vc_column_container col-md-4\"><div class=\"wpb_wrapper vc_column-inner\"><div class=\"porto-sicon-box  vc_custom_1758376418191  wpb_custom_bdd40286b3d5177138595b01c26b75ab style_1 top-icon\"><div class=\"porto-sicon-top\"><div class=\"porto-just-icon-wrapper porto-icon none\" style=\"color:#0088cc;font-size:55px;\"><i class=\"porto-icon-cart\"><\/i><\/div><\/div><div class=\"porto-sicon-header\" style=\"margin-bottom:12px;\"><h3 class=\"porto-sicon-title\" style=\"font-weight:600;font-size:18px;color:#21293c;line-height:20px;\">Wide range of products<\/h3><\/div> <!-- header --><div class=\"porto-sicon-description\" style=\"font-size:15px;line-height:27px;\">to meet the needs of the most demanding sectors.<\/div> <!-- description --><\/div><!-- porto-sicon-box --><\/div><\/div><div class=\"vc_column_container col-md-4\"><div class=\"wpb_wrapper vc_column-inner\"><div class=\"porto-sicon-box  vc_custom_1758376429460  wpb_custom_bdd40286b3d5177138595b01c26b75ab style_1 top-icon\"><div class=\"porto-sicon-top\"><div class=\"porto-just-icon-wrapper porto-icon none\" style=\"color:#0088cc;font-size:55px;\"><i class=\"porto-icon-lock\"><\/i><\/div><\/div><div class=\"porto-sicon-header\" style=\"margin-bottom:12px;\"><h3 class=\"porto-sicon-title\" style=\"font-weight:600;font-size:18px;color:#21293c;line-height:20px;\">Confiance &amp; s\u00e9curit\u00e9<\/h3><\/div> <!-- header --><div class=\"porto-sicon-description\" style=\"font-size:15px;line-height:27px;\">equipment certified to international standards.<\/div> <!-- description --><\/div><!-- porto-sicon-box --><\/div><\/div><\/div><\/div><\/div><\/div><\/div><\/div><div class=\"vc_row wpb_row top-row vc_custom_1659506354463 porto-inner-container wpb_custom_034b39d9bc6c6b310d69e39f0ccf274f\"><div class=\"porto-wrap-container container\"><div class=\"row\"><div class=\"vc_column_container col-md-12\"><div class=\"wpb_wrapper vc_column-inner\"><div class=\"porto-u-heading m-b-md  wpb_custom_95aa9a11c17ad45cfabaf210d84ee7cc porto-u-ad87e2eaf3f9c495180fe0156ddf3eb0\"><div class=\"porto-u-main-heading\"><h2   style=\"font-weight:700;color:#21293c;margin-bottom: 15px;font-size:19px;\">Our guesthouse<\/h2><\/div><style>.porto-u-ad87e2eaf3f9c495180fe0156ddf3eb0.porto-u-heading{text-align:left}<\/style><\/div><div class=\"porto-u-heading  wpb_custom_a05e25afd99a33ff378140c25835a688 porto-u-ad87e2eaf3f9c495180fe0156ddf3eb0\"><div class=\"porto-u-sub-heading\" style=\"color: #222529;\">Founded in <strong>2015<\/strong>, <strong>Retal Pro<\/strong> was born of a clear ambition: to offer the Moroccan market solutions <strong>complete<\/strong> and <strong>reliable<\/strong> in the field of <strong>professional cleaning<\/strong>. From the outset, Retal Pro has focused on importing cleaning machines and tools directly from recognized manufacturers, guaranteeing the highest quality standards. <strong>quality<\/strong> and equipment conformity.<\/div><style>.porto-u-ad87e2eaf3f9c495180fe0156ddf3eb0.porto-u-heading{text-align:left}<\/style><\/div><div class=\"porto-u-heading  wpb_custom_a05e25afd99a33ff378140c25835a688 porto-u-ad87e2eaf3f9c495180fe0156ddf3eb0\"><div class=\"porto-u-sub-heading\" style=\"color: #222529;\">Over the years, the company has expanded its catalog to meet the specific needs of its customers. <strong><em>companies<\/em><\/strong>,<strong> <em>communities<\/em><\/strong>, <strong><em>hotels<\/em><\/strong>, <strong><em>hospitals<\/em><\/strong> and <strong><em>industries<\/em><\/strong>by proposing :<\/p>\n<ul>\n<li><strong>High-performance machines (scrubbers, industrial vacuum cleaners, sweepers, high-pressure cleaners)<\/strong><\/li>\n<li><strong>Carts for floor and linen care<\/strong><\/li>\n<li><strong>Essential daily hygiene tools and consumables.<\/strong><\/li>\n<\/ul>\n<p><\/div><style>.porto-u-ad87e2eaf3f9c495180fe0156ddf3eb0.porto-u-heading{text-align:left}<\/style><\/div><div class=\"porto-u-heading  wpb_custom_a05e25afd99a33ff378140c25835a688 porto-u-ad87e2eaf3f9c495180fe0156ddf3eb0\"><div class=\"porto-u-sub-heading\" style=\"color: #222529;\">In 2019, Retal Pro strengthened its network by concluding strategic partnerships with international brands, consolidating its market position and extending its offer to complete ranges of wiping and paper dispensing solutions. Today, backed by an experienced team and optimized logistics, Retal Pro stands out for :<\/p>\n<ul>\n<li><strong>Personalized customer support<\/strong><\/li>\n<li><strong>The ability to deliver quickly anywhere in the country<\/strong><\/li>\n<li><strong>Its commitment to providing products that meet international quality and safety standards. With nearly a decade of expertise, Retal Pro continues to invest to anticipate market trends and offer the best innovations for efficient, safe and long-lasting cleaning.<\/strong><\/li>\n<\/ul>\n<p><\/div><style>.porto-u-ad87e2eaf3f9c495180fe0156ddf3eb0.porto-u-heading{text-align:left}<\/style><\/div><\/div><\/div><\/div><\/div><\/div><div class=\"vc_row wpb_row top-row vc_custom_1519807308900 vc_row-has-fill porto-inner-container wpb_custom_034b39d9bc6c6b310d69e39f0ccf274f\"><div class=\"porto-wrap-container container\"><div class=\"row\"><div class=\"vc_column_container col-md-4 text-center\"><div class=\"wpb_wrapper vc_column-inner\"><div class=\"stats-block stats-top  inline-block  wpb_custom_a517333ace5b1666c6af8bd4684f1de9  vc_custom_1757815590365\"><div class=\"stats-desc\"><div id=\"counter_35171316569e007e0a190d\" data-id=\"counter_35171316569e007e0a190d\" class=\"stats-number\" style=\" font-weight:800;font-size:32px;line-height:32px;color:#0087cb;\" data-speed=\"3\" data-counter-value=\"200\" data-separator=\",\" data-decimal=\".\">0<\/div><div class=\"counter_suffix mycust\" style=\" font-weight:800;font-size:32px;line-height:32px;color:#0087cb\">+<\/div><div class=\"stats-text\" style=\"font-weight:600;font-size:14px;line-height:25px;color:#7b858a;\">Customers<\/div><\/div><\/div><\/div><\/div><div class=\"vc_column_container col-md-4 text-center\"><div class=\"wpb_wrapper vc_column-inner\"><div class=\"stats-block stats-top  inline-block  wpb_custom_a517333ace5b1666c6af8bd4684f1de9  vc_custom_1757815782352\"><div class=\"stats-desc\"><div id=\"counter_208392339869e007e0a1a58\" data-id=\"counter_208392339869e007e0a1a58\" class=\"stats-number\" style=\" font-weight:800;font-size:32px;line-height:32px;color:#0087cb;\" data-speed=\"3\" data-counter-value=\"7\" data-separator=\"none\" data-decimal=\".\">0<\/div><div class=\"counter_suffix mycust\" style=\" font-weight:800;font-size:19px;line-height:32px;color:#0087cb\">j\/7<\/div><div class=\"stats-text\" style=\"font-weight:600;font-size:14px;line-height:25px;color:#7b858a;\">SUPPORT AVAILABILITY<\/div><\/div><\/div><\/div><\/div><div class=\"vc_column_container col-md-4 text-center\"><div class=\"wpb_wrapper vc_column-inner\"><div class=\"stats-block stats-top  inline-block  wpb_custom_a517333ace5b1666c6af8bd4684f1de9\"><div class=\"stats-desc\"><div id=\"counter_170136918269e007e0a1bea\" data-id=\"counter_170136918269e007e0a1bea\" class=\"stats-number\" style=\" font-weight:800;font-size:32px;line-height:32px;color:#0087cb;\" data-speed=\"3\" data-counter-value=\"100\" data-separator=\"none\" data-decimal=\".\">0<\/div><div class=\"counter_suffix mycust\" style=\" font-weight:800;font-size:19px;line-height:32px;color:#0087cb\">%<\/div><div class=\"stats-text\" style=\"font-weight:600;font-size:14px;line-height:25px;color:#7b858a;\">Positive feedback<\/div><\/div><\/div><\/div><\/div><\/div><\/div><\/div>\n<\/div>","protected":false},"excerpt":{"rendered":"Pr\u00e9sentation de notre entrepriseDepuis 2015, Retal Pro est votre partenaire de confiance dans l\u2019importation et la distribution d\u2019\u00e9quipements et de solutions de nettoyage professionnel au Maroc. Nous proposons une gamme compl\u00e8te de machines, chariots, outils et consommables d\u2019hygi\u00e8ne r\u00e9pondant aux besoins des secteurs les plus exigeants : collectivit\u00e9s, industries, h\u00f4tels, h\u00f4pitaux, et entreprises de propret\u00e9.Fort [...]","protected":false},"author":1,"featured_media":0,"parent":0,"menu_order":0,"comment_status":"closed","ping_status":"closed","template":"","meta":{"footnotes":""},"class_list":["post-1209","page","type-page","status-publish","hentry"],"_links":{"self":[{"href":"https:\/\/retalpro.com\/en\/wp-json\/wp\/v2\/pages\/1209","targetHints":{"allow":["GET"]}}],"collection":[{"href":"https:\/\/retalpro.com\/en\/wp-json\/wp\/v2\/pages"}],"about":[{"href":"https:\/\/retalpro.com\/en\/wp-json\/wp\/v2\/types\/page"}],"author":[{"embeddable":true,"href":"https:\/\/retalpro.com\/en\/wp-json\/wp\/v2\/users\/1"}],"replies":[{"embeddable":true,"href":"https:\/\/retalpro.com\/en\/wp-json\/wp\/v2\/comments?post=1209"}],"version-history":[{"count":34,"href":"https:\/\/retalpro.com\/en\/wp-json\/wp\/v2\/pages\/1209\/revisions"}],"predecessor-version":[{"id":1657,"href":"https:\/\/retalpro.com\/en\/wp-json\/wp\/v2\/pages\/1209\/revisions\/1657"}],"wp:attachment":[{"href":"https:\/\/retalpro.com\/en\/wp-json\/wp\/v2\/media?parent=1209"}],"curies":[{"name":"wp","href":"https:\/\/api.w.org\/{rel}","templated":true}]}}