{"id":1460,"date":"2025-09-20T18:50:12","date_gmt":"2025-09-20T18:50:12","guid":{"rendered":"https:\/\/retalpro.com\/?page_id=1460"},"modified":"2025-10-05T23:29:08","modified_gmt":"2025-10-05T23:29:08","slug":"politique-de-confidentialite","status":"publish","type":"page","link":"https:\/\/retalpro.com\/en\/politique-de-confidentialite\/","title":{"rendered":"Privacy policy"},"content":{"rendered":"<div class=\"wpb-content-wrapper\"><div class=\"vc_row wpb_row row top-row wpb_custom_034b39d9bc6c6b310d69e39f0ccf274f\"><div class=\"vc_column_container col-md-12\"><div class=\"wpb_wrapper vc_column-inner\">\r\n\t<div class=\"wpb_text_column wpb_content_element wpb_custom_7c91d232724f73626cc933bd95b25ff0\" >\r\n\t\t<div class=\"wpb_wrapper\">\r\n\t\t\t\r\n\t\t<\/div>\r\n\t<\/div>\r\n<div class=\"porto-image-frame  policy\"><img loading=\"lazy\" decoding=\"async\" alt=\"\" src=\"\/\/retalpro.com\/wp-content\/uploads\/2025\/09\/background.jpeg\" class=\"img-responsive img-rounded\" width=\"1500\" height=\"509\"><\/div><\/div><\/div><\/div><div class=\"vc_row wpb_row row top-row wpb_custom_034b39d9bc6c6b310d69e39f0ccf274f\"><div class=\"vc_column_container col-md-12\"><div class=\"wpb_wrapper vc_column-inner\"><div class=\"porto-u-heading  wpb_custom_95aa9a11c17ad45cfabaf210d84ee7cc porto-u-ad87e2eaf3f9c495180fe0156ddf3eb0\"><div class=\"porto-u-main-heading\"><h2  >Privacy Policy \u2013 Retal Pro<\/h2><\/div><div class=\"porto-u-sub-heading\" style=\"\">\r\n<p>Chez <strong data-start=\"300\" data-end=\"313\">Retal Pro<\/strong>, the protection of your personal data is a priority. This privacy policy aims to inform you about how we collect, use, and protect your information when you browse our website. <a class=\"decorated-link\" href=\"https:\/\/retalpro.com\/en\/\" target=\"_new\" rel=\"noopener\" data-start=\"564\" data-end=\"604\">www.retalpro.com<\/a><\/p>\r\n<p><\/div><style>.porto-u-ad87e2eaf3f9c495180fe0156ddf3eb0.porto-u-heading{text-align:left}<\/style><\/div><div class=\"porto-u-heading  wpb_custom_7363caa61a3dee36f84f22fe6a383254 porto-u-ad87e2eaf3f9c495180fe0156ddf3eb0\"><div class=\"porto-u-main-heading\"><h2  >1. Information Collection<\/h2><\/div><div class=\"porto-u-sub-heading\" style=\"\">\r\n<p data-start=\"648\" data-end=\"715\">We may collect the following information:<\/p>\r\n<ul>\r\n<li data-start=\"718\" data-end=\"854\">Personal data you provide to us through forms (first name, last name, email address, phone number, company, etc.);<\/li>\r\n<li data-start=\"857\" data-end=\"1016\">Information related to your browsing on our website (IP address, browser type, pages visited) for the purpose of analysis and improvement of our services.<\/li>\r\n<\/ul>\r\n<p><\/div><style>.porto-u-ad87e2eaf3f9c495180fe0156ddf3eb0.porto-u-heading{text-align:left}<\/style><\/div><div class=\"porto-u-heading  wpb_custom_710f2234baa8ac3beef99c83b11730d5 porto-u-ad87e2eaf3f9c495180fe0156ddf3eb0\"><div class=\"porto-u-main-heading\"><h2  >2. Use of Data<\/h2><\/div><div class=\"porto-u-sub-heading\" style=\"\">\r\n<p data-start=\"1055\" data-end=\"1107\">Your data is used in the following context:<\/p>\r\n<ul>\r\n<li data-start=\"1110\" data-end=\"1169\">To respond to your contact requests and provide quotes;<\/li>\r\n<li data-start=\"1172\" data-end=\"1233\">To improve the quality of our services and our website;<\/li>\r\n<li data-start=\"1236\" data-end=\"1326\">To inform you about our offers, promotions, or news (if you have given your consent).<\/li>\r\n<\/ul>\r\n<p data-start=\"1328\" data-end=\"1415\">Nous ne vendons, n\u2019\u00e9changeons et ne louons <strong data-start=\"1371\" data-end=\"1400\">aucune donn\u00e9e personnelle<\/strong> \u00e0 des tiers.<\/p>\r\n<p><\/div><style>.porto-u-ad87e2eaf3f9c495180fe0156ddf3eb0.porto-u-heading{text-align:left}<\/style><\/div><div class=\"porto-u-heading  wpb_custom_710f2234baa8ac3beef99c83b11730d5 porto-u-ad87e2eaf3f9c495180fe0156ddf3eb0\"><div class=\"porto-u-main-heading\"><h2  >3. Data protection<\/h2><\/div><div class=\"porto-u-sub-heading\" style=\"\">\r\n<p>Nous mettons en place des mesures techniques et organisationnelles pour prot\u00e9ger vos informations contre toute perte, utilisation abusive ou acc\u00e8s non autoris\u00e9.<\/p>\r\n<p><\/div><style>.porto-u-ad87e2eaf3f9c495180fe0156ddf3eb0.porto-u-heading{text-align:left}<\/style><\/div><div class=\"porto-u-heading  wpb_custom_710f2234baa8ac3beef99c83b11730d5 porto-u-ad87e2eaf3f9c495180fe0156ddf3eb0\"><div class=\"porto-u-main-heading\"><h2  >4. Cookies<\/h2><\/div><div class=\"porto-u-sub-heading\" style=\"\">\r\n<p>Notre site utilise des cookies pour am\u00e9liorer votre exp\u00e9rience utilisateur et analyser le trafic. Vous pouvez choisir d\u2019accepter ou de refuser les cookies via les param\u00e8tres de votre navigateur.<\/p>\r\n<p><\/div><style>.porto-u-ad87e2eaf3f9c495180fe0156ddf3eb0.porto-u-heading{text-align:left}<\/style><\/div><div class=\"porto-u-heading  wpb_custom_710f2234baa8ac3beef99c83b11730d5 porto-u-ad87e2eaf3f9c495180fe0156ddf3eb0\"><div class=\"porto-u-main-heading\"><h2  >5. Partage avec des tiers<\/h2><\/div><div class=\"porto-u-sub-heading\" style=\"\">\r\n<p>Dans certains cas, vos donn\u00e9es peuvent \u00eatre partag\u00e9es avec des prestataires de services (h\u00e9bergeur, outils d\u2019analyse) strictement dans le cadre de nos activit\u00e9s, et toujours dans le respect de la confidentialit\u00e9.<\/p>\r\n<p><\/div><style>.porto-u-ad87e2eaf3f9c495180fe0156ddf3eb0.porto-u-heading{text-align:left}<\/style><\/div><div class=\"porto-u-heading  wpb_custom_710f2234baa8ac3beef99c83b11730d5 porto-u-ad87e2eaf3f9c495180fe0156ddf3eb0\"><div class=\"porto-u-main-heading\"><h2  >6. Dur\u00e9e de conservation<\/h2><\/div><div class=\"porto-u-sub-heading\" style=\"\">\r\n<p>Vos donn\u00e9es personnelles sont conserv\u00e9es uniquement le temps n\u00e9cessaire \u00e0 la r\u00e9alisation des finalit\u00e9s pour lesquelles elles ont \u00e9t\u00e9 collect\u00e9es, sauf obligation l\u00e9gale contraire.<\/p>\r\n<p><\/div><style>.porto-u-ad87e2eaf3f9c495180fe0156ddf3eb0.porto-u-heading{text-align:left}<\/style><\/div><div class=\"porto-u-heading  wpb_custom_710f2234baa8ac3beef99c83b11730d5 porto-u-ad87e2eaf3f9c495180fe0156ddf3eb0\"><div class=\"porto-u-main-heading\"><h2  >7. Vos droits<\/h2><\/div><div class=\"porto-u-sub-heading\" style=\"\">\r\n<p data-start=\"2329\" data-end=\"2411\">Conform\u00e9ment \u00e0 la r\u00e9glementation en vigueur, vous disposez des droits suivants :<\/p>\r\n<ul>\r\n<li data-start=\"2414\" data-end=\"2482\">Droit d\u2019acc\u00e8s, de rectification et de suppression de vos donn\u00e9es ;<\/li>\r\n<li data-start=\"2485\" data-end=\"2538\">Droit d\u2019opposition ou de limitation du traitement ;<\/li>\r\n<li data-start=\"2541\" data-end=\"2581\">Droit \u00e0 la portabilit\u00e9 de vos donn\u00e9es.<\/li>\r\n<\/ul>\r\n<p data-start=\"2583\" data-end=\"2691\">Pour exercer ces droits, il vous suffit de nous contacter \u00e0 l\u2019adresse suivante : <strong data-start=\"2664\" data-end=\"2688\"><a class=\"decorated-link cursor-pointer\" rel=\"noopener\" data-start=\"2666\" data-end=\"2686\">contact@retalpro.com<\/a><\/strong><\/p>\r\n<p><\/div><style>.porto-u-ad87e2eaf3f9c495180fe0156ddf3eb0.porto-u-heading{text-align:left}<\/style><\/div><div class=\"porto-u-heading  wpb_custom_710f2234baa8ac3beef99c83b11730d5 porto-u-ad87e2eaf3f9c495180fe0156ddf3eb0\"><div class=\"porto-u-main-heading\"><h2  >8. Modifications de la politique<\/h2><\/div><div class=\"porto-u-sub-heading\" style=\"\">\r\n<p>Retal Pro se r\u00e9serve le droit de mettre \u00e0 jour cette politique de confidentialit\u00e9. Toute modification sera publi\u00e9e sur cette page.<\/p>\r\n<p><\/div><style>.porto-u-ad87e2eaf3f9c495180fe0156ddf3eb0.porto-u-heading{text-align:left}<\/style><\/div><\/div><\/div><\/div><\/div>","protected":false},"excerpt":{"rendered":"Politique de Confidentialit\u00e9 \u2013 Retal Pro Chez Retal Pro, la protection de vos donn\u00e9es personnelles est une priorit\u00e9. La pr\u00e9sente politique de confidentialit\u00e9 a pour objectif de vous informer sur la mani\u00e8re dont nous collectons, utilisons et prot\u00e9geons vos informations lorsque vous naviguez sur notre site www.retalpro.com 1. Collecte des informations Nous pouvons \u00eatre amen\u00e9s [...]","protected":false},"author":1,"featured_media":0,"parent":0,"menu_order":0,"comment_status":"closed","ping_status":"closed","template":"","meta":{"footnotes":""},"class_list":["post-1460","page","type-page","status-publish","hentry"],"_links":{"self":[{"href":"https:\/\/retalpro.com\/en\/wp-json\/wp\/v2\/pages\/1460","targetHints":{"allow":["GET"]}}],"collection":[{"href":"https:\/\/retalpro.com\/en\/wp-json\/wp\/v2\/pages"}],"about":[{"href":"https:\/\/retalpro.com\/en\/wp-json\/wp\/v2\/types\/page"}],"author":[{"embeddable":true,"href":"https:\/\/retalpro.com\/en\/wp-json\/wp\/v2\/users\/1"}],"replies":[{"embeddable":true,"href":"https:\/\/retalpro.com\/en\/wp-json\/wp\/v2\/comments?post=1460"}],"version-history":[{"count":13,"href":"https:\/\/retalpro.com\/en\/wp-json\/wp\/v2\/pages\/1460\/revisions"}],"predecessor-version":[{"id":1477,"href":"https:\/\/retalpro.com\/en\/wp-json\/wp\/v2\/pages\/1460\/revisions\/1477"}],"wp:attachment":[{"href":"https:\/\/retalpro.com\/en\/wp-json\/wp\/v2\/media?parent=1460"}],"curies":[{"name":"wp","href":"https:\/\/api.w.org\/{rel}","templated":true}]}}