{"id":826,"date":"2020-11-30T05:19:40","date_gmt":"2020-11-30T05:19:40","guid":{"rendered":"http:\/\/sw-themes.com\/porto_dummy\/?page_id=12"},"modified":"2025-10-06T23:25:16","modified_gmt":"2025-10-06T23:25:16","slug":"home","status":"publish","type":"page","link":"https:\/\/retalpro.com\/en\/","title":{"rendered":"Home"},"content":{"rendered":"<div class=\"wpb-content-wrapper\"><section class=\"vc_section hero-section vc_custom_1757185056688 section-with-shape-divider\"><div class=\"vc_row wpb_row row top-row vc_custom_1688924963461 vc_row-has-fill wpb_custom_034b39d9bc6c6b310d69e39f0ccf274f\"><div class=\"vc_column_container col-md-12 vc_custom_1688883118216\"><div class=\"wpb_wrapper vc_column-inner\"><div class=\"porto-carousel owl-carousel has-ccols ccols-xl-1 ccols-lg-1 ccols-md-1 ccols-sm-1 ccols-1 wpb_custom_404ad8714c06ff44de3b6fc6ed3a65e2 custom-dots dots-style-1\" data-plugin-options=\"{&quot;themeConfig&quot;:true,&quot;stagePadding&quot;:0,&quot;margin&quot;:0,&quot;autoplay&quot;:false,&quot;mouseDrag&quot;:true,&quot;touchDrag&quot;:true,&quot;autoplayTimeout&quot;:5000,&quot;autoplayHoverPause&quot;:false,&quot;items&quot;:1,&quot;xl&quot;:1,&quot;lg&quot;:1,&quot;md&quot;:1,&quot;sm&quot;:1,&quot;xs&quot;:1,&quot;nav&quot;:false,&quot;dots&quot;:&quot;yes&quot;,&quot;animateIn&quot;:&quot;&quot;,&quot;animateOut&quot;:&quot;&quot;,&quot;loop&quot;:false,&quot;center&quot;:false,&quot;video&quot;:false,&quot;lazyLoad&quot;:false,&quot;fullscreen&quot;:false}\"><div class=\"vc_row wpb_row vc_inner hero-slide vc_custom_1759703657078 vc_row-has-fill vc_row-o-content-middle vc_row-flex mx-0\"><div class=\"porto-wrap-container container\"><div class=\"row align-items-center\"><div class=\"text-center text-lg-start mb-4 mb-lg-0 vc_column_container col-md-12 col-lg-6\" data-appear-animation=\"fadeInUp\" data-appear-animation-delay=\"150\"><div class=\"wpb_wrapper vc_column-inner\"><div class=\"porto-u-heading opacity-7 mb-0  wpb_custom_df071f74f99d7eb94aa6a8af0e242a45 porto-u-44dbd6e8a03dd6b8010406996e3c7748  vc_custom_1759792764071\"><div class=\"porto-u-main-heading\"><h2   style=\"color:#1a1a40;margin-bottom: 14px;\">Efficient, professional cleaning solutions<\/h2><\/div><div class=\"porto-u-sub-heading\" style=\"color: #003fef;\"><strong>Discover our complete collection<\/strong><\/div><style>.porto-u-44dbd6e8a03dd6b8010406996e3c7748.porto-u-heading{text-align:left} @media(max-width:1255px){ .porto-u-44dbd6e8a03dd6b8010406996e3c7748.porto-u-heading{text-align:left}} @media(max-width:991px){ .porto-u-44dbd6e8a03dd6b8010406996e3c7748.porto-u-heading{text-align:left}} @media(max-width:767px){ .porto-u-44dbd6e8a03dd6b8010406996e3c7748.porto-u-heading{text-align:left}} @media(max-width:575px){ .porto-u-44dbd6e8a03dd6b8010406996e3c7748.porto-u-heading{text-align:left}}<\/style><\/div><div class=\"porto-u-heading mb-0  wpb_custom_7f511b5c1cca6dad619931df075f937e porto-u-f936216ad8321b75f08a9993ee403d73  vc_custom_1759792737459\" data-appear-animation=\"fadeInUp\" data-appear-animation-delay=\"300\"><div class=\"porto-u-main-heading\"><h2   style=\"color:#1d466d;margin-bottom: 30px;\">for individuals &amp; businesses<\/h2><\/div><style>.porto-u-f936216ad8321b75f08a9993ee403d73.porto-u-heading{text-align:left} @media(max-width:1255px){ .porto-u-f936216ad8321b75f08a9993ee403d73.porto-u-heading{text-align:left}} @media(max-width:991px){ .porto-u-f936216ad8321b75f08a9993ee403d73.porto-u-heading{text-align:left}} @media(max-width:767px){ .porto-u-f936216ad8321b75f08a9993ee403d73.porto-u-heading{text-align:left}} @media(max-width:575px){ .porto-u-f936216ad8321b75f08a9993ee403d73.porto-u-heading{text-align:left}}<\/style><\/div><div class=\"vc_btn3-container vc_btn3-inline vc_custom_1759791823326 vc_do_btn\" id=\"button-produit\">\r\n\t<a  data-appear-animation=\"fadeInUp\"  data-appear-animation-delay=\"200\" class=\"vc_btn3 vc_btn3-shape-square wpb_custom_6687b26f39488ddbb85ddb3c1ce8e111 btn btn-md btn-primary\" style=\"font-size:1.09em; font-weight:700; letter-spacing:.01em; padding:1.2em 2.9em;\" href=\"https:\/\/retalpro.com\/en\/shop\/\" title=\"Contact us\">OUR PRODUCTS<\/a>\t<\/div>\r\n\r\n\t<div class=\"wpb_text_column wpb_content_element wpb_custom_7c91d232724f73626cc933bd95b25ff0\" >\r\n\t\t<div class=\"wpb_wrapper\">\r\n\t\t\t\r\n\t\t<\/div>\r\n\t<\/div>\r\n<\/div><\/div><\/div><\/div><\/div><\/div><\/div><\/div><\/div><div class=\"shape-divider shape-divider-bottom shape-divider-reverse-x\" style=\"fill:#ffffff;height:106px;\"><svg xmlns=\"http:\/\/www.w3.org\/2000\/svg\" viewbox=\"0 0 1000 100\" preserveaspectratio=\"none\"><path d=\"M500,98.9L0,6.1V0h1000v6.1L500,98.9z\"><\/path><\/svg><\/div><\/section><div class=\"vc_row wpb_row top-row custom-info-boxes p-relative z-index-1 pt-md-5 pt-lg-0 vc_custom_1759791981673 porto-inner-container wpb_custom_034b39d9bc6c6b310d69e39f0ccf274f\"><div class=\"porto-wrap-container container\"><div class=\"row\"><div class=\"vc_column_container col-md-6 col-xl-4 col-lg-4\" data-appear-animation=\"fadeInRight\" data-appear-animation-delay=\"500\"><div class=\"wpb_wrapper vc_column-inner\"><div class=\"porto-sicon-box  vc_custom_1757725558069 custom-info-box  wpb_custom_720a5bedf32f5e3fcb7306bfb62fd512 style_1 top-icon\"><div class=\"porto-sicon-top\"><div class=\"porto-just-icon-wrapper porto-icon none\" style=\"color:var(--porto-primary-light-5);font-size:50px;margin-bottom:22px;\"><i class=\"porto-icon-online-support\"><\/i><\/div><\/div><div class=\"porto-sicon-header\" style=\"margin-bottom:13px;\"><h3 class=\"porto-sicon-title\" style=\"font-weight:700;font-size:22px;color:var(--porto-primary-light-5);line-height:1;letter-spacing:0;margin-bottom:5px;\">Consulting &amp; Support<\/h3><p style=\"font-weight:400;font-size:14px;line-height:1.57;color:#555555;\">An expert at your service<\/p><\/div> <!-- header --><div class=\"porto-sicon-description\" style=\"font-size:14px;line-height:25px;letter-spacing:-.04em;\">We'll help you choose the right products for your professional needs.<\/div> <!-- description --><\/div><!-- porto-sicon-box --><\/div><\/div><div class=\"vc_column_container col-md-6 col-xl-4 col-lg-4\" data-appear-animation=\"zoomIn\" data-appear-animation-delay=\"0200\"><div class=\"wpb_wrapper vc_column-inner\"><div class=\"porto-sicon-box  vc_custom_1757725648425 custom-info-box  wpb_custom_720a5bedf32f5e3fcb7306bfb62fd512 style_1 top-icon\"><div class=\"porto-sicon-top\"><div class=\"porto-just-icon-wrapper porto-icon none\" style=\"color:var(--porto-primary-light-5);font-size:53px;margin-bottom:20px;\"><i class=\"porto-icon-truck\"><\/i><\/div><\/div><div class=\"porto-sicon-header\" style=\"margin-bottom:11px;\"><h3 class=\"porto-sicon-title\" style=\"font-weight:700;font-size:22px;color:var(--porto-primary-light-5);line-height:1;letter-spacing:0;margin-bottom:5px;\">Reliable delivery<\/h3><p style=\"font-weight:400;font-size:14px;line-height:1.57;color:#555555;\">All over Morocco<\/p><\/div> <!-- header --><div class=\"porto-sicon-description\" style=\"font-size:14px;line-height:25px;letter-spacing:-.04em;\">Optimized logistics for fast, secure delivery.<\/div> <!-- description --><\/div><!-- porto-sicon-box --><\/div><\/div><div class=\"mx-auto vc_column_container col-md-6 col-xl-4 col-lg-4\" data-appear-animation=\"fadeInLeft\" data-appear-animation-delay=\"500\"><div class=\"wpb_wrapper vc_column-inner\"><div class=\"porto-sicon-box  vc_custom_1757725659466 custom-info-box  wpb_custom_720a5bedf32f5e3fcb7306bfb62fd512 style_1 top-icon\"><div class=\"porto-sicon-top\"><div class=\"porto-just-icon-wrapper porto-icon none\" style=\"color:var(--porto-primary-light-5);font-size:50px;margin-bottom:21px;\"><i class=\"porto-icon-doc-inv\"><\/i><\/div><\/div><div class=\"porto-sicon-header\" style=\"margin-bottom:13px;\"><h3 class=\"porto-sicon-title\" style=\"font-weight:700;font-size:22px;color:var(--porto-primary-light-5);line-height:1;letter-spacing:0;margin-bottom:5px;\">Request a quote<\/h3><p style=\"font-weight:400;font-size:14px;line-height:1.57;color:#555555;\">Free &amp; without obligation<\/p><\/div> <!-- header --><div class=\"porto-sicon-description\" style=\"font-size:14px;line-height:25px;letter-spacing:-.04em;\">Get a personalized quote based on your quantities and needs.<\/div> <!-- description --><\/div><!-- porto-sicon-box --><\/div><\/div><\/div><\/div><\/div><div class=\"vc_row wpb_row top-row vc_custom_1689122624955 porto-inner-container wpb_custom_034b39d9bc6c6b310d69e39f0ccf274f\"><div class=\"porto-wrap-container container\"><div class=\"row\"><div class=\"vc_column_container col-md-12\"><div class=\"wpb_wrapper vc_column-inner\"><div class=\"porto-u-heading mb-0  wpb_custom_95aa9a11c17ad45cfabaf210d84ee7cc porto-u-55ca8359258f9a412be7e73af65d2aac\" data-appear-animation=\"fadeInUp\" data-appear-animation-delay=\"200\"><div class=\"porto-u-main-heading\"><div   style=\"margin-bottom: 6px;font-size:14px;line-height:1;letter-spacing:-.025em;\">OUR EXCLUSIVE SELECTION<\/div><\/div><style>.porto-u-55ca8359258f9a412be7e73af65d2aac.porto-u-heading{text-align:center}<\/style><\/div><div class=\"porto-u-heading mb-0  wpb_custom_95aa9a11c17ad45cfabaf210d84ee7cc porto-u-55ca8359258f9a412be7e73af65d2aac\" data-appear-animation=\"fadeInUp\" data-appear-animation-delay=\"300\"><div class=\"porto-u-main-heading\"><h2   style=\"font-weight:700;color:var(--porto-primary-light-5);margin-bottom: 30px;font-size:28px;line-height:1;letter-spacing:-.025em;\">Featured products<\/h2><\/div><style>.porto-u-55ca8359258f9a412be7e73af65d2aac.porto-u-heading{text-align:center}<\/style><\/div><\/div><\/div><\/div><\/div><\/div><div class=\"vc_row wpb_row top-row vc_custom_1759699618688 vc_row-o-equal-height vc_row-flex porto-inner-container wpb_custom_034b39d9bc6c6b310d69e39f0ccf274f\" data-appear-animation=\"fadeInUp\" data-appear-animation-delay=\"250\"><div class=\"porto-wrap-container container\"><div class=\"row\"><div class=\"vc_column_container col-md-12 vc_custom_1758075028951\"><div class=\"wpb_wrapper vc_column-inner\"><div class=\"porto-u-heading mb-0  wpb_custom_95aa9a11c17ad45cfabaf210d84ee7cc porto-u-55ca8359258f9a412be7e73af65d2aac\" data-appear-animation=\"fadeInUp\" data-appear-animation-delay=\"200\"><div class=\"porto-u-main-heading\"><div   style=\"color:#777777;margin-bottom: 6px;font-size:14px;line-height:1;letter-spacing:-.025em;\">EXCLUSIVE BRANDS<\/div><\/div><style>.porto-u-55ca8359258f9a412be7e73af65d2aac.porto-u-heading{text-align:center}<\/style><\/div><div class=\"porto-u-heading mb-0  wpb_custom_95aa9a11c17ad45cfabaf210d84ee7cc porto-u-55ca8359258f9a412be7e73af65d2aac\" data-appear-animation=\"fadeInUp\" data-appear-animation-delay=\"300\"><div class=\"porto-u-main-heading\"><h2   style=\"font-weight:700;color:var(--porto-primary-light-5);margin-bottom: 30px;font-size:28px;line-height:1;letter-spacing:-.025em;\">Our brands<\/h2><\/div><style>.porto-u-55ca8359258f9a412be7e73af65d2aac.porto-u-heading{text-align:center}<\/style><\/div><div class=\"porto-gallery has-ccols ccols-1 has-ccols-spacing ccols-sm-3 ccols-md-4 ccols-lg-3 wpb_custom_31e5a1f2b8aecaacc19646731b799bda porto-gallery-grid align-items-center maxheight-250\"><figure><img loading=\"lazy\" decoding=\"async\" width=\"300\" height=\"151\" src=\"https:\/\/retalpro.com\/wp-content\/uploads\/2025\/09\/nevis-1-300x151.png\" class=\"attachment-medium size-medium\" alt=\"\" \/><\/figure><figure><img loading=\"lazy\" decoding=\"async\" width=\"300\" height=\"179\" src=\"https:\/\/retalpro.com\/wp-content\/uploads\/2025\/09\/WhatsApp_Image_2025-08-30_at_11.44.41__2_-removebg-preview-1-300x179.png\" class=\"attachment-medium size-medium\" alt=\"\" \/><\/figure><figure><img loading=\"lazy\" decoding=\"async\" width=\"300\" height=\"98\" src=\"https:\/\/retalpro.com\/wp-content\/uploads\/2025\/09\/Design-sans-titre-1-Picsart-AiImageEnhancer-300x98-1-300x98.png\" class=\"attachment-medium size-medium\" alt=\"\" \/><\/figure><\/div><\/div><\/div><\/div><\/div><\/div><div class=\"vc_row wpb_row top-row custom-cta vc_custom_1759699764113 no-padding vc_row-has-fill porto-inner-container wpb_custom_034b39d9bc6c6b310d69e39f0ccf274f\"><div class=\"porto-wrap-container container\"><div class=\"row align-items-center\"><div class=\"vc_column_container col-md-3 text-center\"><div class=\"wpb_wrapper vc_column-inner\"><div class=\"porto-image-frame\"><img loading=\"lazy\" decoding=\"async\" alt=\"\" src=\"\/\/retalpro.com\/wp-content\/uploads\/2025\/09\/Gemini_Generated_Image_8lzwmg8lzwmg8lzw-1-1-300x300.png\" class=\"img-responsive img-circle\" width=\"300\" height=\"300\"><\/div><\/div><\/div><div class=\"vc_column_container col-md-6\"><div class=\"wpb_wrapper vc_column-inner\"><div class=\"porto-u-heading d-block d-md-inline-block align-middle mb-lg-0 me-sm-5  wpb_custom_1ca848eb34ad07b6db4ea1893c56bbc0 porto-u-ad87e2eaf3f9c495180fe0156ddf3eb0\"><div class=\"porto-u-main-heading\"><h3   style=\"color:#ffffff;margin-bottom: 9px;\">Need help? Contact RETAL PRO!<\/h3><\/div><div class=\"porto-u-sub-heading\" style=\"color: #ffffff;\">Trust our team to offer you the most effective solutions in professional cleaning products, according to your needs.<\/div><style>.porto-u-ad87e2eaf3f9c495180fe0156ddf3eb0.porto-u-heading{text-align:left}<\/style><\/div><\/div><\/div><div class=\"vc_column_container col-md-3 text-center\"><div class=\"wpb_wrapper vc_column-inner\"><div class=\"vc_btn3-container  mb-0 vc_btn3-center vc_do_btn\" >\r\n\t<a class=\"vc_btn3 vc_btn3-shape-square wpb_custom_6687b26f39488ddbb85ddb3c1ce8e111 btn btn-md btn-secondary\" style=\"font-size:0.97em; font-weight:700; letter-spacing:.01em; padding:1.42em 4.45em;\" href=\"https:\/\/retalpro.com\/en\/contact\/\" title=\"Shop\">Contact us<\/a>\t<\/div>\r\n<\/div><\/div><\/div><\/div><\/div><div class=\"vc_row wpb_row top-row vc_custom_1688753446193 vc_row-has-fill porto-inner-container wpb_custom_034b39d9bc6c6b310d69e39f0ccf274f\"><div class=\"porto-wrap-container container\"><div class=\"row\"><div class=\"vc_column_container col-md-12\"><div class=\"wpb_wrapper vc_column-inner\"><div class=\"porto-u-heading mb-0  wpb_custom_95aa9a11c17ad45cfabaf210d84ee7cc porto-u-55ca8359258f9a412be7e73af65d2aac\" data-appear-animation=\"fadeInUp\" data-appear-animation-delay=\"200\"><div class=\"porto-u-main-heading\"><div   style=\"color:#777777;margin-bottom: 6px;font-size:14px;line-height:1;letter-spacing:-.025em;\">Discover our new products<\/div><\/div><style>.porto-u-55ca8359258f9a412be7e73af65d2aac.porto-u-heading{text-align:center}<\/style><\/div><div class=\"porto-u-heading mb-0  wpb_custom_95aa9a11c17ad45cfabaf210d84ee7cc porto-u-55ca8359258f9a412be7e73af65d2aac\" data-appear-animation=\"fadeInUp\" data-appear-animation-delay=\"300\"><div class=\"porto-u-main-heading\"><h2   style=\"font-weight:700;color:var(--porto-primary-light-5);margin-bottom: 31px;font-size:28px;line-height:1;letter-spacing:-.025em;\">new arrivals<\/h2><\/div><style>.porto-u-55ca8359258f9a412be7e73af65d2aac.porto-u-heading{text-align:center}<\/style><\/div><\/div><\/div><\/div><\/div><\/div><section class=\"vc_section vc_custom_1706046163827 section-with-shape-divider vc_section-has-fill\"><div class=\"vc_row wpb_row top-row custom-triangle position-relative custom-padding-category vc_custom_1691040126148 vc_row-has-fill porto-inner-container wpb_custom_034b39d9bc6c6b310d69e39f0ccf274f\"><div class=\"porto-wrap-container container\"><div class=\"row\"><div class=\"vc_column_container col-md-12\" data-appear-animation=\"fadeInUp\" data-appear-animation-delay=\"200\"><div class=\"wpb_wrapper vc_column-inner\"><div class=\"porto-u-heading mb-0  wpb_custom_95aa9a11c17ad45cfabaf210d84ee7cc porto-u-55ca8359258f9a412be7e73af65d2aac\"><div class=\"porto-u-main-heading\"><div   style=\"color:#ffffff;margin-bottom: 6px;font-size:14px;line-height:1;letter-spacing:-.025em;\">Find your ideal product<\/div><\/div><style>.porto-u-55ca8359258f9a412be7e73af65d2aac.porto-u-heading{text-align:center}<\/style><\/div><div class=\"porto-u-heading mb-0  wpb_custom_95aa9a11c17ad45cfabaf210d84ee7cc porto-u-55ca8359258f9a412be7e73af65d2aac\"><div class=\"porto-u-main-heading\"><h2   style=\"font-weight:700;color:#ffffff;margin-bottom: 36px;font-size:28px;line-height:1;letter-spacing:-.025em;\">Explore our categories<\/h2><\/div><style>.porto-u-55ca8359258f9a412be7e73af65d2aac.porto-u-heading{text-align:center}<\/style><\/div><\/div><\/div><\/div><\/div><\/div><div class=\"shape-divider shape-divider-bottom shape-divider-reverse-x\" style=\"fill:#ffffff;height:100px;\"><svg xmlns=\"http:\/\/www.w3.org\/2000\/svg\" viewbox=\"0 0 1000 100\" preserveaspectratio=\"none\"><path d=\"M500,98.9L0,6.1V0h1000v6.1L500,98.9z\"><\/path><\/svg><\/div><\/section><div class=\"vc_row wpb_row row top-row vc_custom_1759697379209 vc_column-gap-35 wpb_custom_034b39d9bc6c6b310d69e39f0ccf274f\"><div class=\"vc_column_container col-md-4 vc_custom_1759697464890\"><div class=\"wpb_wrapper vc_column-inner\"><div class=\"porto-u-heading mb-0  wpb_custom_95aa9a11c17ad45cfabaf210d84ee7cc porto-u-55ca8359258f9a412be7e73af65d2aac\"><div class=\"porto-u-main-heading\"><h2   style=\"font-weight:700;color:var(--porto-primary-light-5);margin-bottom: 20px;font-size:22px;line-height:1;letter-spacing:-.025em;\">Headlines<\/h2><\/div><style>.porto-u-55ca8359258f9a412be7e73af65d2aac.porto-u-heading{text-align:center}<\/style><\/div><\/div><\/div><div class=\"vc_column_container col-md-4 vc_custom_1759697473011\"><div class=\"wpb_wrapper vc_column-inner\"><div class=\"porto-u-heading mb-0  wpb_custom_95aa9a11c17ad45cfabaf210d84ee7cc porto-u-55ca8359258f9a412be7e73af65d2aac\"><div class=\"porto-u-main-heading\"><h2   style=\"font-weight:700;color:var(--porto-primary-light-5);margin-bottom: 20px;font-size:22px;line-height:1;letter-spacing:-.025em;\">Bestsellers<\/h2><\/div><style>.porto-u-55ca8359258f9a412be7e73af65d2aac.porto-u-heading{text-align:center}<\/style><\/div><\/div><\/div><div class=\"vc_column_container col-md-4 vc_custom_1759697505720\"><div class=\"wpb_wrapper vc_column-inner\"><div class=\"porto-u-heading mb-0  wpb_custom_95aa9a11c17ad45cfabaf210d84ee7cc porto-u-55ca8359258f9a412be7e73af65d2aac\"><div class=\"porto-u-main-heading\"><h2   style=\"font-weight:700;color:var(--porto-primary-light-5);margin-bottom: 20px;font-size:22px;line-height:1;letter-spacing:-.025em;\">News<\/h2><\/div><style>.porto-u-55ca8359258f9a412be7e73af65d2aac.porto-u-heading{text-align:center}<\/style><\/div><\/div><\/div><\/div>\n<\/div>","protected":false},"excerpt":{"rendered":"Des solutions de nettoyage efficaces et professionnellesD\u00e9couvrez notre gamme compl\u00e8tepour particuliers & entreprises NOS PRODUITS Conseils & AccompagnementUn expert \u00e0 votre \u00e9coute Nous vous aidons \u00e0 choisir les produits adapt\u00e9s \u00e0 vos besoins professionnels. Livraison fiablePartout au Maroc Une logistique optimis\u00e9e pour une livraison rapide et s\u00e9curis\u00e9e. Demande de devisGratuit & sans engagement Obtenez un [...]","protected":false},"author":1,"featured_media":0,"parent":0,"menu_order":0,"comment_status":"closed","ping_status":"closed","template":"","meta":{"footnotes":""},"class_list":["post-826","page","type-page","status-publish","hentry"],"_links":{"self":[{"href":"https:\/\/retalpro.com\/en\/wp-json\/wp\/v2\/pages\/826","targetHints":{"allow":["GET"]}}],"collection":[{"href":"https:\/\/retalpro.com\/en\/wp-json\/wp\/v2\/pages"}],"about":[{"href":"https:\/\/retalpro.com\/en\/wp-json\/wp\/v2\/types\/page"}],"author":[{"embeddable":true,"href":"https:\/\/retalpro.com\/en\/wp-json\/wp\/v2\/users\/1"}],"replies":[{"embeddable":true,"href":"https:\/\/retalpro.com\/en\/wp-json\/wp\/v2\/comments?post=826"}],"version-history":[{"count":233,"href":"https:\/\/retalpro.com\/en\/wp-json\/wp\/v2\/pages\/826\/revisions"}],"predecessor-version":[{"id":1663,"href":"https:\/\/retalpro.com\/en\/wp-json\/wp\/v2\/pages\/826\/revisions\/1663"}],"wp:attachment":[{"href":"https:\/\/retalpro.com\/en\/wp-json\/wp\/v2\/media?parent=826"}],"curies":[{"name":"wp","href":"https:\/\/api.w.org\/{rel}","templated":true}]}}