{"id":1091,"date":"2025-09-10T22:36:46","date_gmt":"2025-09-10T22:36:46","guid":{"rendered":"https:\/\/retalpro.com\/?post_type=product&#038;p=1091"},"modified":"2025-09-11T23:41:30","modified_gmt":"2025-09-11T23:41:30","slug":"combo-lave-tapis","status":"publish","type":"product","link":"https:\/\/retalpro.com\/en\/product\/combo-lave-tapis\/","title":{"rendered":"Carpet washer combo"},"content":{"rendered":"<p>Le Combo lave-tapis est l\u2019outil id\u00e9al pour un nettoyage en profondeur des tapis, moquettes et rev\u00eatements textiles. Compact et performant, il combine aspiration puissante et lavage efficace pour \u00e9liminer salet\u00e9s, taches et poussi\u00e8res incrust\u00e9es. Facile \u00e0 utiliser et \u00e0 man\u0153uvrer, il permet un nettoyage rapide et pr\u00e9cis m\u00eame dans les espaces restreints. Fiable et durable, le Combo lave-tapis est parfait pour les commerces, bureaux, h\u00f4tels ou particuliers soucieux de maintenir des sols impeccables.<\/p>","protected":false},"excerpt":{"rendered":"<p>Le Combo lave-tapis nettoie et d\u00e9tache efficacement vos tapis et moquettes, pour un r\u00e9sultat impeccable en un seul passage.<\/p>","protected":false},"featured_media":1092,"template":"","meta":[],"product_brand":[],"product_cat":[24],"product_tag":[],"class_list":{"0":"post-1091","1":"product","2":"type-product","3":"status-publish","4":"has-post-thumbnail","6":"product_cat-machines-lave-sol-et-lave-tapis","8":"first","9":"instock","10":"featured","11":"shipping-taxable","12":"product-type-simple"},"_links":{"self":[{"href":"https:\/\/retalpro.com\/en\/wp-json\/wp\/v2\/product\/1091","targetHints":{"allow":["GET"]}}],"collection":[{"href":"https:\/\/retalpro.com\/en\/wp-json\/wp\/v2\/product"}],"about":[{"href":"https:\/\/retalpro.com\/en\/wp-json\/wp\/v2\/types\/product"}],"wp:featuredmedia":[{"embeddable":true,"href":"https:\/\/retalpro.com\/en\/wp-json\/wp\/v2\/media\/1092"}],"wp:attachment":[{"href":"https:\/\/retalpro.com\/en\/wp-json\/wp\/v2\/media?parent=1091"}],"wp:term":[{"taxonomy":"product_brand","embeddable":true,"href":"https:\/\/retalpro.com\/en\/wp-json\/wp\/v2\/product_brand?post=1091"},{"taxonomy":"product_cat","embeddable":true,"href":"https:\/\/retalpro.com\/en\/wp-json\/wp\/v2\/product_cat?post=1091"},{"taxonomy":"product_tag","embeddable":true,"href":"https:\/\/retalpro.com\/en\/wp-json\/wp\/v2\/product_tag?post=1091"}],"curies":[{"name":"wp","href":"https:\/\/api.w.org\/{rel}","templated":true}]}}