{"id":1100,"date":"2025-09-10T22:42:56","date_gmt":"2025-09-10T22:42:56","guid":{"rendered":"https:\/\/retalpro.com\/?post_type=product&#038;p=1100"},"modified":"2025-09-21T00:14:12","modified_gmt":"2025-09-21T00:14:12","slug":"room-service-multifonctions-m1","status":"publish","type":"product","link":"https:\/\/retalpro.com\/en\/product\/room-service-multifonctions-m1\/","title":{"rendered":"Multifunctional room service M1"},"content":{"rendered":"<p>Le Room Service multifonctions M1 est un \u00e9quipement pratique et polyvalent, con\u00e7u pour faciliter le service et le transport d\u2019objets dans les h\u00f4tels, restaurants ou \u00e9tablissements collectifs. Robuste et ergonomique, il permet de transporter plats, boissons, linge ou fournitures avec s\u00e9curit\u00e9 et efficacit\u00e9. Compact et maniable, le M1 optimise le travail du personnel tout en garantissant un service rapide et soign\u00e9. Sa conception multifonctions le rend id\u00e9al pour de nombreuses applications au sein de votre \u00e9tablissement.<\/p>","protected":false},"excerpt":{"rendered":"<p>Le Room Service multifonctions M1 facilite le transport s\u00e9curis\u00e9 et efficace de plats, boissons et fournitures dans tous vos espaces.<\/p>","protected":false},"featured_media":1495,"template":"","meta":[],"product_brand":[],"product_cat":[28],"product_tag":[],"class_list":{"0":"post-1100","1":"product","2":"type-product","3":"status-publish","4":"has-post-thumbnail","6":"product_cat-chariots-hoteliers","8":"first","9":"instock","10":"featured","11":"shipping-taxable","12":"product-type-simple"},"_links":{"self":[{"href":"https:\/\/retalpro.com\/en\/wp-json\/wp\/v2\/product\/1100","targetHints":{"allow":["GET"]}}],"collection":[{"href":"https:\/\/retalpro.com\/en\/wp-json\/wp\/v2\/product"}],"about":[{"href":"https:\/\/retalpro.com\/en\/wp-json\/wp\/v2\/types\/product"}],"wp:featuredmedia":[{"embeddable":true,"href":"https:\/\/retalpro.com\/en\/wp-json\/wp\/v2\/media\/1495"}],"wp:attachment":[{"href":"https:\/\/retalpro.com\/en\/wp-json\/wp\/v2\/media?parent=1100"}],"wp:term":[{"taxonomy":"product_brand","embeddable":true,"href":"https:\/\/retalpro.com\/en\/wp-json\/wp\/v2\/product_brand?post=1100"},{"taxonomy":"product_cat","embeddable":true,"href":"https:\/\/retalpro.com\/en\/wp-json\/wp\/v2\/product_cat?post=1100"},{"taxonomy":"product_tag","embeddable":true,"href":"https:\/\/retalpro.com\/en\/wp-json\/wp\/v2\/product_tag?post=1100"}],"curies":[{"name":"wp","href":"https:\/\/api.w.org\/{rel}","templated":true}]}}