{"id":1248,"date":"2025-09-14T12:38:57","date_gmt":"2025-09-14T12:38:57","guid":{"rendered":"https:\/\/retalpro.com\/?post_type=product&#038;p=1248"},"modified":"2025-09-14T12:38:57","modified_gmt":"2025-09-14T12:38:57","slug":"monobrosse-nevis-n43-2","status":"publish","type":"product","link":"https:\/\/retalpro.com\/en\/product\/monobrosse-nevis-n43-2\/","title":{"rendered":"Monobrush Nevis N43"},"content":{"rendered":"<p>La <strong data-start=\"156\" data-end=\"180\">monobrosse Nevis N43<\/strong> est un \u00e9quipement polyvalent et performant, id\u00e9al pour le nettoyage, le d\u00e9capage et le polissage des sols. Compacte et maniable, elle permet d\u2019intervenir efficacement aussi bien sur des petites que sur des moyennes surfaces, m\u00eame dans les zones difficiles d\u2019acc\u00e8s. Son moteur puissant garantit un travail rapide et homog\u00e8ne, offrant des r\u00e9sultats professionnels sur tous types de rev\u00eatements. Robuste, ergonomique et simple d\u2019entretien, la Nevis N43 est la solution parfaite pour les commerces, bureaux, h\u00f4tels et \u00e9tablissements collectifs.<\/p>","protected":false},"excerpt":{"rendered":"<p>Polyvalente et maniable, la <strong data-start=\"807\" data-end=\"831\">monobrosse Nevis N43<\/strong> assure nettoyage, d\u00e9capage et polissage avec des r\u00e9sultats professionnels.<\/p>","protected":false},"featured_media":1249,"template":"","meta":[],"product_brand":[],"product_cat":[24],"product_tag":[],"class_list":{"0":"post-1248","1":"product","2":"type-product","3":"status-publish","4":"has-post-thumbnail","6":"product_cat-machines-lave-sol-et-lave-tapis","8":"first","9":"instock","10":"shipping-taxable","11":"product-type-simple"},"_links":{"self":[{"href":"https:\/\/retalpro.com\/en\/wp-json\/wp\/v2\/product\/1248","targetHints":{"allow":["GET"]}}],"collection":[{"href":"https:\/\/retalpro.com\/en\/wp-json\/wp\/v2\/product"}],"about":[{"href":"https:\/\/retalpro.com\/en\/wp-json\/wp\/v2\/types\/product"}],"wp:featuredmedia":[{"embeddable":true,"href":"https:\/\/retalpro.com\/en\/wp-json\/wp\/v2\/media\/1249"}],"wp:attachment":[{"href":"https:\/\/retalpro.com\/en\/wp-json\/wp\/v2\/media?parent=1248"}],"wp:term":[{"taxonomy":"product_brand","embeddable":true,"href":"https:\/\/retalpro.com\/en\/wp-json\/wp\/v2\/product_brand?post=1248"},{"taxonomy":"product_cat","embeddable":true,"href":"https:\/\/retalpro.com\/en\/wp-json\/wp\/v2\/product_cat?post=1248"},{"taxonomy":"product_tag","embeddable":true,"href":"https:\/\/retalpro.com\/en\/wp-json\/wp\/v2\/product_tag?post=1248"}],"curies":[{"name":"wp","href":"https:\/\/api.w.org\/{rel}","templated":true}]}}