{"id":1256,"date":"2025-09-14T12:48:32","date_gmt":"2025-09-14T12:48:32","guid":{"rendered":"https:\/\/retalpro.com\/?post_type=product&#038;p=1256"},"modified":"2025-09-14T12:48:32","modified_gmt":"2025-09-14T12:48:32","slug":"seche-sol-star-jet-b3","status":"publish","type":"product","link":"https:\/\/retalpro.com\/en\/product\/seche-sol-star-jet-b3\/","title":{"rendered":"Star Jet B3 floor dryer"},"content":{"rendered":"<p data-start=\"130\" data-end=\"430\">Le <strong data-start=\"133\" data-end=\"158\">S\u00e8che-sol Star Jet B3<\/strong> est un appareil performant con\u00e7u pour s\u00e9cher rapidement tous types de sols apr\u00e8s nettoyage ou lavage. Compact et maniable, il permet un s\u00e9chage efficace m\u00eame dans les espaces restreints, r\u00e9duisant les risques de glissade et acc\u00e9l\u00e9rant la remise en service des surfaces.<\/p>\n<p data-start=\"432\" data-end=\"818\">Gr\u00e2ce \u00e0 son moteur puissant et \u00e0 son syst\u00e8me de raclette optimis\u00e9, le B3 assure un <strong data-start=\"515\" data-end=\"557\">r\u00e9sultat impeccable en un seul passage<\/strong>, tout en \u00e9tant facile \u00e0 utiliser et \u00e0 entretenir. Id\u00e9al pour les environnements professionnels tels que commerces, bureaux, h\u00f4tels, restaurants ou \u00e9tablissements collectifs, le S\u00e8che-sol Star Jet B3 combine s\u00e9curit\u00e9, efficacit\u00e9 et confort pour l\u2019utilisateur.<\/p>","protected":false},"excerpt":{"rendered":"<p><strong data-start=\"878\" data-end=\"903\">S\u00e8che-sol Star Jet B3<\/strong> \u2013 rapide et efficace, il s\u00e8che vos sols en un seul passage pour un r\u00e9sultat impeccable et s\u00e9curis\u00e9.<\/p>","protected":false},"featured_media":1257,"template":"","meta":[],"product_brand":[],"product_cat":[24],"product_tag":[],"class_list":{"0":"post-1256","1":"product","2":"type-product","3":"status-publish","4":"has-post-thumbnail","6":"product_cat-machines-lave-sol-et-lave-tapis","8":"first","9":"instock","10":"shipping-taxable","11":"product-type-simple"},"_links":{"self":[{"href":"https:\/\/retalpro.com\/en\/wp-json\/wp\/v2\/product\/1256","targetHints":{"allow":["GET"]}}],"collection":[{"href":"https:\/\/retalpro.com\/en\/wp-json\/wp\/v2\/product"}],"about":[{"href":"https:\/\/retalpro.com\/en\/wp-json\/wp\/v2\/types\/product"}],"wp:featuredmedia":[{"embeddable":true,"href":"https:\/\/retalpro.com\/en\/wp-json\/wp\/v2\/media\/1257"}],"wp:attachment":[{"href":"https:\/\/retalpro.com\/en\/wp-json\/wp\/v2\/media?parent=1256"}],"wp:term":[{"taxonomy":"product_brand","embeddable":true,"href":"https:\/\/retalpro.com\/en\/wp-json\/wp\/v2\/product_brand?post=1256"},{"taxonomy":"product_cat","embeddable":true,"href":"https:\/\/retalpro.com\/en\/wp-json\/wp\/v2\/product_cat?post=1256"},{"taxonomy":"product_tag","embeddable":true,"href":"https:\/\/retalpro.com\/en\/wp-json\/wp\/v2\/product_tag?post=1256"}],"curies":[{"name":"wp","href":"https:\/\/api.w.org\/{rel}","templated":true}]}}