{"id":1265,"date":"2025-09-14T12:59:08","date_gmt":"2025-09-14T12:59:08","guid":{"rendered":"https:\/\/retalpro.com\/?post_type=product&#038;p=1265"},"modified":"2025-09-14T12:59:08","modified_gmt":"2025-09-14T12:59:08","slug":"chariot-c4","status":"publish","type":"product","link":"https:\/\/retalpro.com\/en\/product\/chariot-c4\/","title":{"rendered":"C4 cart"},"content":{"rendered":"<p data-start=\"119\" data-end=\"374\">Le <strong data-start=\"122\" data-end=\"136\">C4 cart<\/strong> est un \u00e9quipement pratique et robuste, con\u00e7u pour faciliter le transport du mat\u00e9riel et des produits de nettoyage. Ergonomique et maniable, il permet de d\u00e9placer seaux, chiffons, produits et accessoires rapidement et en toute s\u00e9curit\u00e9.<\/p>\n<p data-start=\"376\" data-end=\"680\">Id\u00e9al pour les environnements professionnels tels que bureaux, commerces, h\u00f4tels ou \u00e9tablissements collectifs, le Chariot C4 optimise le travail du personnel en r\u00e9duisant les d\u00e9placements et en am\u00e9liorant l\u2019efficacit\u00e9. Sa conception solide garantit une longue dur\u00e9e de vie et un usage quotidien fiable.<\/p>","protected":false},"excerpt":{"rendered":"<p><strong data-start=\"740\" data-end=\"754\">C4 cart<\/strong> \u2013 pratique et robuste, il facilite le transport du mat\u00e9riel de nettoyage pour un travail rapide et efficace.<\/p>","protected":false},"featured_media":1266,"template":"","meta":[],"product_brand":[],"product_cat":[26],"product_tag":[],"class_list":{"0":"post-1265","1":"product","2":"type-product","3":"status-publish","4":"has-post-thumbnail","6":"product_cat-chariots-de-menage","8":"first","9":"instock","10":"shipping-taxable","11":"product-type-simple"},"_links":{"self":[{"href":"https:\/\/retalpro.com\/en\/wp-json\/wp\/v2\/product\/1265","targetHints":{"allow":["GET"]}}],"collection":[{"href":"https:\/\/retalpro.com\/en\/wp-json\/wp\/v2\/product"}],"about":[{"href":"https:\/\/retalpro.com\/en\/wp-json\/wp\/v2\/types\/product"}],"wp:featuredmedia":[{"embeddable":true,"href":"https:\/\/retalpro.com\/en\/wp-json\/wp\/v2\/media\/1266"}],"wp:attachment":[{"href":"https:\/\/retalpro.com\/en\/wp-json\/wp\/v2\/media?parent=1265"}],"wp:term":[{"taxonomy":"product_brand","embeddable":true,"href":"https:\/\/retalpro.com\/en\/wp-json\/wp\/v2\/product_brand?post=1265"},{"taxonomy":"product_cat","embeddable":true,"href":"https:\/\/retalpro.com\/en\/wp-json\/wp\/v2\/product_cat?post=1265"},{"taxonomy":"product_tag","embeddable":true,"href":"https:\/\/retalpro.com\/en\/wp-json\/wp\/v2\/product_tag?post=1265"}],"curies":[{"name":"wp","href":"https:\/\/api.w.org\/{rel}","templated":true}]}}