{"id":1267,"date":"2025-09-14T13:00:41","date_gmt":"2025-09-14T13:00:41","guid":{"rendered":"https:\/\/retalpro.com\/?post_type=product&#038;p=1267"},"modified":"2025-09-14T13:00:41","modified_gmt":"2025-09-14T13:00:41","slug":"chariot-cm2","status":"publish","type":"product","link":"https:\/\/retalpro.com\/en\/product\/chariot-cm2\/","title":{"rendered":"CM2 cart"},"content":{"rendered":"<p data-start=\"120\" data-end=\"378\">Le <strong data-start=\"123\" data-end=\"138\">CM2 cart<\/strong> est un \u00e9quipement polyvalent et robuste, con\u00e7u pour faciliter le transport du mat\u00e9riel et des produits de nettoyage. Ergonomique et maniable, il permet de d\u00e9placer seaux, chiffons, produits et accessoires rapidement et en toute s\u00e9curit\u00e9.<\/p>\n<p data-start=\"380\" data-end=\"690\">Id\u00e9al pour les environnements professionnels tels que bureaux, h\u00f4tels, commerces ou \u00e9tablissements collectifs, le Chariot CM2 optimise le travail du personnel en r\u00e9duisant les d\u00e9placements et en am\u00e9liorant l\u2019efficacit\u00e9. Sa conception solide garantit une utilisation durable et fiable, m\u00eame en usage intensif.<\/p>","protected":false},"excerpt":{"rendered":"<p><strong data-start=\"750\" data-end=\"765\">CM2 cart<\/strong> \u2013 pratique et robuste, il simplifie le transport du mat\u00e9riel de nettoyage pour un travail efficace et rapide.<\/p>","protected":false},"featured_media":1268,"template":"","meta":[],"product_brand":[],"product_cat":[26],"product_tag":[],"class_list":{"0":"post-1267","1":"product","2":"type-product","3":"status-publish","4":"has-post-thumbnail","6":"product_cat-chariots-de-menage","8":"first","9":"instock","10":"shipping-taxable","11":"product-type-simple"},"_links":{"self":[{"href":"https:\/\/retalpro.com\/en\/wp-json\/wp\/v2\/product\/1267","targetHints":{"allow":["GET"]}}],"collection":[{"href":"https:\/\/retalpro.com\/en\/wp-json\/wp\/v2\/product"}],"about":[{"href":"https:\/\/retalpro.com\/en\/wp-json\/wp\/v2\/types\/product"}],"wp:featuredmedia":[{"embeddable":true,"href":"https:\/\/retalpro.com\/en\/wp-json\/wp\/v2\/media\/1268"}],"wp:attachment":[{"href":"https:\/\/retalpro.com\/en\/wp-json\/wp\/v2\/media?parent=1267"}],"wp:term":[{"taxonomy":"product_brand","embeddable":true,"href":"https:\/\/retalpro.com\/en\/wp-json\/wp\/v2\/product_brand?post=1267"},{"taxonomy":"product_cat","embeddable":true,"href":"https:\/\/retalpro.com\/en\/wp-json\/wp\/v2\/product_cat?post=1267"},{"taxonomy":"product_tag","embeddable":true,"href":"https:\/\/retalpro.com\/en\/wp-json\/wp\/v2\/product_tag?post=1267"}],"curies":[{"name":"wp","href":"https:\/\/api.w.org\/{rel}","templated":true}]}}