{"id":1269,"date":"2025-09-14T13:02:51","date_gmt":"2025-09-14T13:02:51","guid":{"rendered":"https:\/\/retalpro.com\/?post_type=product&#038;p=1269"},"modified":"2025-09-14T13:02:51","modified_gmt":"2025-09-14T13:02:51","slug":"chariot-c2","status":"publish","type":"product","link":"https:\/\/retalpro.com\/en\/product\/chariot-c2\/","title":{"rendered":"C2 cart"},"content":{"rendered":"<p data-start=\"119\" data-end=\"368\">Le <strong data-start=\"122\" data-end=\"136\">C2 cart<\/strong> est un \u00e9quipement compact et pratique, con\u00e7u pour faciliter le transport du mat\u00e9riel et des produits de nettoyage. L\u00e9ger et maniable, il permet de d\u00e9placer seaux, chiffons, produits et accessoires rapidement et en toute s\u00e9curit\u00e9.<\/p>\n<p data-start=\"370\" data-end=\"660\">Parfait pour les environnements professionnels tels que bureaux, commerces, h\u00f4tels ou \u00e9tablissements collectifs, le Chariot C2 optimise le travail du personnel en r\u00e9duisant les d\u00e9placements et en am\u00e9liorant l\u2019efficacit\u00e9. Sa construction solide assure une utilisation durable au quotidien.<\/p>","protected":false},"excerpt":{"rendered":"<p data-start=\"720\" data-end=\"845\"><strong data-start=\"720\" data-end=\"734\">C2 cart<\/strong> \u2013 compact et pratique, il facilite le transport du mat\u00e9riel de nettoyage pour un travail rapide et efficace.<\/p>","protected":false},"featured_media":1270,"template":"","meta":[],"product_brand":[],"product_cat":[26],"product_tag":[],"class_list":{"0":"post-1269","1":"product","2":"type-product","3":"status-publish","4":"has-post-thumbnail","6":"product_cat-chariots-de-menage","8":"first","9":"instock","10":"shipping-taxable","11":"product-type-simple"},"_links":{"self":[{"href":"https:\/\/retalpro.com\/en\/wp-json\/wp\/v2\/product\/1269","targetHints":{"allow":["GET"]}}],"collection":[{"href":"https:\/\/retalpro.com\/en\/wp-json\/wp\/v2\/product"}],"about":[{"href":"https:\/\/retalpro.com\/en\/wp-json\/wp\/v2\/types\/product"}],"wp:featuredmedia":[{"embeddable":true,"href":"https:\/\/retalpro.com\/en\/wp-json\/wp\/v2\/media\/1270"}],"wp:attachment":[{"href":"https:\/\/retalpro.com\/en\/wp-json\/wp\/v2\/media?parent=1269"}],"wp:term":[{"taxonomy":"product_brand","embeddable":true,"href":"https:\/\/retalpro.com\/en\/wp-json\/wp\/v2\/product_brand?post=1269"},{"taxonomy":"product_cat","embeddable":true,"href":"https:\/\/retalpro.com\/en\/wp-json\/wp\/v2\/product_cat?post=1269"},{"taxonomy":"product_tag","embeddable":true,"href":"https:\/\/retalpro.com\/en\/wp-json\/wp\/v2\/product_tag?post=1269"}],"curies":[{"name":"wp","href":"https:\/\/api.w.org\/{rel}","templated":true}]}}