{"id":1290,"date":"2025-09-14T13:37:03","date_gmt":"2025-09-14T13:37:03","guid":{"rendered":"https:\/\/retalpro.com\/?post_type=product&#038;p=1290"},"modified":"2025-09-20T23:39:08","modified_gmt":"2025-09-20T23:39:08","slug":"support-mop-plastique","status":"publish","type":"product","link":"https:\/\/retalpro.com\/en\/product\/support-mop-plastique\/","title":{"rendered":"Plastic mop holder"},"content":{"rendered":"<p data-start=\"198\" data-end=\"420\">Le <strong data-start=\"201\" data-end=\"229\">support Mop en plastique<\/strong> est un \u00e9quipement l\u00e9ger et durable, con\u00e7u pour une utilisation avec les mops en plastique. Il permet un nettoyage efficace des sols tout en assurant une manipulation facile et confortable.<\/p>\n<p data-start=\"422\" data-end=\"736\">Disponible en <strong data-start=\"436\" data-end=\"457\">plusieurs tailles<\/strong> (40 cm, 50 cm, 60 cm et 80 cm), il s\u2019adapte \u00e0 diff\u00e9rents besoins et surfaces, des zones restreintes aux grandes surfaces. Sa conception robuste garantit une longue dur\u00e9e de vie, id\u00e9ale pour un usage professionnel quotidien dans les bureaux, h\u00f4tels, commerces ou collectivit\u00e9s.<\/p>\n<p data-start=\"738\" data-end=\"762\"><strong data-start=\"738\" data-end=\"760\">Caract\u00e9ristiques :<\/strong><\/p>\n<ul data-start=\"763\" data-end=\"908\">\n<li data-start=\"763\" data-end=\"795\">\n<p data-start=\"765\" data-end=\"795\">Mat\u00e9riau : Plastique durable<\/p>\n<\/li>\n<li data-start=\"796\" data-end=\"848\">\n<p data-start=\"798\" data-end=\"848\">Tailles disponibles : 40 cm, 50 cm, 60 cm, 80 cm<\/p>\n<\/li>\n<li data-start=\"849\" data-end=\"908\">\n<p data-start=\"851\" data-end=\"908\">L\u00e9ger et maniable pour un confort d\u2019utilisation optimal<\/p>\n<\/li>\n<\/ul>","protected":false},"excerpt":{"rendered":"<p><strong data-start=\"968\" data-end=\"993\">Plastic mop holder<\/strong> \u2013 l\u00e9ger, durable et disponible en plusieurs tailles, pour un nettoyage efficace et confortable de toutes les surfaces.<\/p>","protected":false},"featured_media":1279,"template":"","meta":[],"product_brand":[],"product_cat":[44,29],"product_tag":[],"class_list":{"0":"post-1290","1":"product","2":"type-product","3":"status-publish","4":"has-post-thumbnail","6":"product_cat-franges-trapezes","7":"product_cat-outils-de-nettoyage","9":"first","10":"instock","11":"shipping-taxable","12":"product-type-simple"},"_links":{"self":[{"href":"https:\/\/retalpro.com\/en\/wp-json\/wp\/v2\/product\/1290","targetHints":{"allow":["GET"]}}],"collection":[{"href":"https:\/\/retalpro.com\/en\/wp-json\/wp\/v2\/product"}],"about":[{"href":"https:\/\/retalpro.com\/en\/wp-json\/wp\/v2\/types\/product"}],"wp:featuredmedia":[{"embeddable":true,"href":"https:\/\/retalpro.com\/en\/wp-json\/wp\/v2\/media\/1279"}],"wp:attachment":[{"href":"https:\/\/retalpro.com\/en\/wp-json\/wp\/v2\/media?parent=1290"}],"wp:term":[{"taxonomy":"product_brand","embeddable":true,"href":"https:\/\/retalpro.com\/en\/wp-json\/wp\/v2\/product_brand?post=1290"},{"taxonomy":"product_cat","embeddable":true,"href":"https:\/\/retalpro.com\/en\/wp-json\/wp\/v2\/product_cat?post=1290"},{"taxonomy":"product_tag","embeddable":true,"href":"https:\/\/retalpro.com\/en\/wp-json\/wp\/v2\/product_tag?post=1290"}],"curies":[{"name":"wp","href":"https:\/\/api.w.org\/{rel}","templated":true}]}}