{"id":1299,"date":"2025-09-14T13:46:29","date_gmt":"2025-09-14T13:46:29","guid":{"rendered":"https:\/\/retalpro.com\/?post_type=product&#038;p=1299"},"modified":"2025-09-20T23:42:10","modified_gmt":"2025-09-20T23:42:10","slug":"balai-avec-balayette","status":"publish","type":"product","link":"https:\/\/retalpro.com\/en\/product\/balai-avec-balayette\/","title":{"rendered":"Broom with brush"},"content":{"rendered":"<p data-start=\"197\" data-end=\"469\">Le <strong data-start=\"200\" data-end=\"233\">balai avec balayette int\u00e9gr\u00e9e<\/strong> est un outil pratique et ergonomique, con\u00e7u pour un nettoyage facile et rapide des sols. Il permet de <strong data-start=\"336\" data-end=\"370\">balayer et ramasser les d\u00e9bris<\/strong> en un seul geste, r\u00e9duisant le temps et l\u2019effort n\u00e9cessaires pour maintenir vos espaces propres.<\/p>\n<p data-start=\"471\" data-end=\"745\">Disponible en <strong data-start=\"485\" data-end=\"509\">diff\u00e9rentes couleurs<\/strong>, il s\u2019adapte \u00e0 tous les environnements et est id\u00e9al pour un usage <strong data-start=\"576\" data-end=\"605\">int\u00e9rieur comme ext\u00e9rieur<\/strong>. Sa conception ergonomique assure une prise en main confortable, rendant le nettoyage plus efficace et moins fatigant pour l\u2019utilisateur.<\/p>\n<p data-start=\"747\" data-end=\"771\"><strong data-start=\"747\" data-end=\"769\">Caract\u00e9ristiques :<\/strong><\/p>\n<ul data-start=\"772\" data-end=\"985\">\n<li data-start=\"772\" data-end=\"806\">\n<p data-start=\"774\" data-end=\"806\">Couleur : Diff\u00e9rentes couleurs<\/p>\n<\/li>\n<li data-start=\"807\" data-end=\"893\">\n<p data-start=\"809\" data-end=\"893\">Fonctionnalit\u00e9 : Balai avec balayette int\u00e9gr\u00e9e pour ramasser facilement les d\u00e9bris<\/p>\n<\/li>\n<li data-start=\"894\" data-end=\"934\">\n<p data-start=\"896\" data-end=\"934\">Utilisation : Int\u00e9rieur et ext\u00e9rieur<\/p>\n<\/li>\n<li data-start=\"935\" data-end=\"985\">\n<p data-start=\"937\" data-end=\"985\">Conception ergonomique pour un confort optimal<\/p>\n<\/li>\n<\/ul>\n<p data-start=\"987\" data-end=\"1004\"><strong data-start=\"987\" data-end=\"1002\">Avantages :<\/strong><\/p>\n<ul data-start=\"1005\" data-end=\"1155\">\n<li data-start=\"1005\" data-end=\"1035\">\n<p data-start=\"1007\" data-end=\"1035\">Nettoyage facile et rapide<\/p>\n<\/li>\n<li data-start=\"1036\" data-end=\"1092\">\n<p data-start=\"1038\" data-end=\"1092\">Utilisation confortable gr\u00e2ce \u00e0 sa forme ergonomique<\/p>\n<\/li>\n<li data-start=\"1093\" data-end=\"1155\">\n<p data-start=\"1095\" data-end=\"1155\">Polyvalent pour diff\u00e9rents types de sols et environnements<\/p>\n<\/li>\n<\/ul>","protected":false},"excerpt":{"rendered":"<p><strong data-start=\"1215\" data-end=\"1239\">Broom with brush<\/strong> \u2013 pratique et ergonomique, il permet de balayer et ramasser facilement les d\u00e9bris, \u00e0 l\u2019int\u00e9rieur comme \u00e0 l\u2019ext\u00e9rieur.<\/p>","protected":false},"featured_media":1300,"template":"","meta":[],"product_brand":[],"product_cat":[45,29],"product_tag":[],"class_list":{"0":"post-1299","1":"product","2":"type-product","3":"status-publish","4":"has-post-thumbnail","6":"product_cat-balais","7":"product_cat-outils-de-nettoyage","9":"first","10":"instock","11":"shipping-taxable","12":"product-type-simple"},"_links":{"self":[{"href":"https:\/\/retalpro.com\/en\/wp-json\/wp\/v2\/product\/1299","targetHints":{"allow":["GET"]}}],"collection":[{"href":"https:\/\/retalpro.com\/en\/wp-json\/wp\/v2\/product"}],"about":[{"href":"https:\/\/retalpro.com\/en\/wp-json\/wp\/v2\/types\/product"}],"wp:featuredmedia":[{"embeddable":true,"href":"https:\/\/retalpro.com\/en\/wp-json\/wp\/v2\/media\/1300"}],"wp:attachment":[{"href":"https:\/\/retalpro.com\/en\/wp-json\/wp\/v2\/media?parent=1299"}],"wp:term":[{"taxonomy":"product_brand","embeddable":true,"href":"https:\/\/retalpro.com\/en\/wp-json\/wp\/v2\/product_brand?post=1299"},{"taxonomy":"product_cat","embeddable":true,"href":"https:\/\/retalpro.com\/en\/wp-json\/wp\/v2\/product_cat?post=1299"},{"taxonomy":"product_tag","embeddable":true,"href":"https:\/\/retalpro.com\/en\/wp-json\/wp\/v2\/product_tag?post=1299"}],"curies":[{"name":"wp","href":"https:\/\/api.w.org\/{rel}","templated":true}]}}