{"id":1301,"date":"2025-09-14T13:48:16","date_gmt":"2025-09-14T13:48:16","guid":{"rendered":"https:\/\/retalpro.com\/?post_type=product&#038;p=1301"},"modified":"2025-09-20T23:42:57","modified_gmt":"2025-09-20T23:42:57","slug":"balai-a-ordures-industriel","status":"publish","type":"product","link":"https:\/\/retalpro.com\/en\/product\/balai-a-ordures-industriel\/","title":{"rendered":"Industrial Garbage Broom"},"content":{"rendered":"<p data-start=\"203\" data-end=\"503\">Le <strong data-start=\"206\" data-end=\"236\">Industrial Garbage Broom<\/strong> est con\u00e7u pour un nettoyage <strong data-start=\"265\" data-end=\"288\">efficace et robuste<\/strong> dans les environnements professionnels et industriels. Fabriqu\u00e9 avec des mat\u00e9riaux r\u00e9sistants et durables, il permet de <strong data-start=\"409\" data-end=\"450\">ramasser facilement les d\u00e9bris lourds<\/strong> et volumineux, m\u00eame dans les zones \u00e0 fort passage.<\/p>\n<p data-start=\"505\" data-end=\"814\">Avec sa couleur <strong data-start=\"521\" data-end=\"531\">orange<\/strong> pour une meilleure visibilit\u00e9 et sa <strong data-start=\"568\" data-end=\"594\">conception ergonomique<\/strong>, il assure une prise en main confortable et r\u00e9duit la fatigue lors de l\u2019utilisation. Id\u00e9al pour les <strong data-start=\"695\" data-end=\"745\">entrep\u00f4ts, usines, chantiers ou grands espaces<\/strong>, ce balai combine efficacit\u00e9, durabilit\u00e9 et confort d\u2019utilisation.<\/p>\n<p data-start=\"816\" data-end=\"840\"><strong data-start=\"816\" data-end=\"838\">Caract\u00e9ristiques :<\/strong><\/p>\n<ul data-start=\"841\" data-end=\"1023\">\n<li data-start=\"841\" data-end=\"861\">\n<p data-start=\"843\" data-end=\"861\">Couleur : Orange<\/p>\n<\/li>\n<li data-start=\"862\" data-end=\"897\">\n<p data-start=\"864\" data-end=\"897\">Mat\u00e9riau : R\u00e9sistant et durable<\/p>\n<\/li>\n<li data-start=\"898\" data-end=\"972\">\n<p data-start=\"900\" data-end=\"972\">Utilisation : Grands espaces industriels, entrep\u00f4ts, usines, chantiers<\/p>\n<\/li>\n<li data-start=\"973\" data-end=\"1023\">\n<p data-start=\"975\" data-end=\"1023\">Conception ergonomique pour un confort optimal<\/p>\n<\/li>\n<\/ul>\n<p data-start=\"1025\" data-end=\"1042\"><strong data-start=\"1025\" data-end=\"1040\">Avantages :<\/strong><\/p>\n<ul data-start=\"1043\" data-end=\"1169\">\n<li data-start=\"1043\" data-end=\"1093\">\n<p data-start=\"1045\" data-end=\"1093\">Nettoyage rapide et efficace des d\u00e9bris lourds<\/p>\n<\/li>\n<li data-start=\"1094\" data-end=\"1123\">\n<p data-start=\"1096\" data-end=\"1123\">Prise en main confortable<\/p>\n<\/li>\n<li data-start=\"1124\" data-end=\"1169\">\n<p data-start=\"1126\" data-end=\"1169\">Robuste et durable pour un usage intensif<\/p>\n<\/li>\n<\/ul>","protected":false},"excerpt":{"rendered":"<p><strong data-start=\"1229\" data-end=\"1259\">Industrial Garbage Broom<\/strong> \u2013 robuste et ergonomique, il ramasse facilement les d\u00e9bris lourds dans les grands espaces industriels et professionnels.<\/p>","protected":false},"featured_media":1302,"template":"","meta":[],"product_brand":[],"product_cat":[45,29],"product_tag":[],"class_list":{"0":"post-1301","1":"product","2":"type-product","3":"status-publish","4":"has-post-thumbnail","6":"product_cat-balais","7":"product_cat-outils-de-nettoyage","9":"first","10":"instock","11":"shipping-taxable","12":"product-type-simple"},"_links":{"self":[{"href":"https:\/\/retalpro.com\/en\/wp-json\/wp\/v2\/product\/1301","targetHints":{"allow":["GET"]}}],"collection":[{"href":"https:\/\/retalpro.com\/en\/wp-json\/wp\/v2\/product"}],"about":[{"href":"https:\/\/retalpro.com\/en\/wp-json\/wp\/v2\/types\/product"}],"wp:featuredmedia":[{"embeddable":true,"href":"https:\/\/retalpro.com\/en\/wp-json\/wp\/v2\/media\/1302"}],"wp:attachment":[{"href":"https:\/\/retalpro.com\/en\/wp-json\/wp\/v2\/media?parent=1301"}],"wp:term":[{"taxonomy":"product_brand","embeddable":true,"href":"https:\/\/retalpro.com\/en\/wp-json\/wp\/v2\/product_brand?post=1301"},{"taxonomy":"product_cat","embeddable":true,"href":"https:\/\/retalpro.com\/en\/wp-json\/wp\/v2\/product_cat?post=1301"},{"taxonomy":"product_tag","embeddable":true,"href":"https:\/\/retalpro.com\/en\/wp-json\/wp\/v2\/product_tag?post=1301"}],"curies":[{"name":"wp","href":"https:\/\/api.w.org\/{rel}","templated":true}]}}