{"id":1303,"date":"2025-09-14T21:16:45","date_gmt":"2025-09-14T21:16:45","guid":{"rendered":"https:\/\/retalpro.com\/?post_type=product&#038;p=1303"},"modified":"2025-09-20T23:43:22","modified_gmt":"2025-09-20T23:43:22","slug":"balai-a-ordures","status":"publish","type":"product","link":"https:\/\/retalpro.com\/en\/product\/balai-a-ordures\/","title":{"rendered":"Garbage broom"},"content":{"rendered":"<p data-start=\"139\" data-end=\"449\">Le <strong data-start=\"142\" data-end=\"161\">Garbage broom<\/strong> est un outil robuste et ergonomique, con\u00e7u pour assurer un nettoyage <strong data-start=\"231\" data-end=\"283\">efficace des surfaces int\u00e9rieures et ext\u00e9rieures<\/strong>. Ses <strong data-start=\"289\" data-end=\"311\">fibres r\u00e9sistantes<\/strong> permettent de ramasser facilement la poussi\u00e8re, les salet\u00e9s et les petits d\u00e9bris, garantissant des sols propres en un minimum d\u2019effort.<\/p>\n<p data-start=\"451\" data-end=\"725\">Gr\u00e2ce \u00e0 sa conception solide et confortable, il est parfaitement adapt\u00e9 \u00e0 un <strong data-start=\"528\" data-end=\"547\">usage quotidien<\/strong>, que ce soit dans les foyers, bureaux, espaces commerciaux ou petites zones ext\u00e9rieures. Sa durabilit\u00e9 en fait un alli\u00e9 indispensable pour un nettoyage fiable et longue dur\u00e9e.<\/p>\n<p data-start=\"727\" data-end=\"751\"><strong data-start=\"727\" data-end=\"749\">Caract\u00e9ristiques :<\/strong><\/p>\n<ul data-start=\"752\" data-end=\"940\">\n<li data-start=\"752\" data-end=\"792\">\n<p data-start=\"754\" data-end=\"792\">Utilisation : Int\u00e9rieur et ext\u00e9rieur<\/p>\n<\/li>\n<li data-start=\"793\" data-end=\"841\">\n<p data-start=\"795\" data-end=\"841\">Fibres r\u00e9sistantes pour un ramassage optimal<\/p>\n<\/li>\n<li data-start=\"842\" data-end=\"898\">\n<p data-start=\"844\" data-end=\"898\">Conception ergonomique pour un confort d\u2019utilisation<\/p>\n<\/li>\n<li data-start=\"899\" data-end=\"940\">\n<p data-start=\"901\" data-end=\"940\">Id\u00e9al pour poussi\u00e8re et petits d\u00e9bris<\/p>\n<\/li>\n<\/ul>\n<p data-start=\"942\" data-end=\"959\"><strong data-start=\"942\" data-end=\"957\">Avantages :<\/strong><\/p>\n<ul data-start=\"960\" data-end=\"1080\">\n<li data-start=\"960\" data-end=\"992\">\n<p data-start=\"962\" data-end=\"992\">Nettoyage rapide et efficace<\/p>\n<\/li>\n<li data-start=\"993\" data-end=\"1034\">\n<p data-start=\"995\" data-end=\"1034\">Adapt\u00e9 \u00e0 diff\u00e9rents types de surfaces<\/p>\n<\/li>\n<li data-start=\"1035\" data-end=\"1080\">\n<p data-start=\"1037\" data-end=\"1080\">Durable et facile \u00e0 utiliser au quotidien<\/p>\n<\/li>\n<\/ul>","protected":false},"excerpt":{"rendered":"<p><strong data-start=\"1140\" data-end=\"1159\">Garbage broom<\/strong> \u2013 robuste et ergonomique, il ramasse efficacement poussi\u00e8re et d\u00e9bris sur toutes les surfaces int\u00e9rieures et ext\u00e9rieures.<\/p>","protected":false},"featured_media":1304,"template":"","meta":[],"product_brand":[],"product_cat":[45,29],"product_tag":[],"class_list":{"0":"post-1303","1":"product","2":"type-product","3":"status-publish","4":"has-post-thumbnail","6":"product_cat-balais","7":"product_cat-outils-de-nettoyage","9":"first","10":"instock","11":"shipping-taxable","12":"product-type-simple"},"_links":{"self":[{"href":"https:\/\/retalpro.com\/en\/wp-json\/wp\/v2\/product\/1303","targetHints":{"allow":["GET"]}}],"collection":[{"href":"https:\/\/retalpro.com\/en\/wp-json\/wp\/v2\/product"}],"about":[{"href":"https:\/\/retalpro.com\/en\/wp-json\/wp\/v2\/types\/product"}],"wp:featuredmedia":[{"embeddable":true,"href":"https:\/\/retalpro.com\/en\/wp-json\/wp\/v2\/media\/1304"}],"wp:attachment":[{"href":"https:\/\/retalpro.com\/en\/wp-json\/wp\/v2\/media?parent=1303"}],"wp:term":[{"taxonomy":"product_brand","embeddable":true,"href":"https:\/\/retalpro.com\/en\/wp-json\/wp\/v2\/product_brand?post=1303"},{"taxonomy":"product_cat","embeddable":true,"href":"https:\/\/retalpro.com\/en\/wp-json\/wp\/v2\/product_cat?post=1303"},{"taxonomy":"product_tag","embeddable":true,"href":"https:\/\/retalpro.com\/en\/wp-json\/wp\/v2\/product_tag?post=1303"}],"curies":[{"name":"wp","href":"https:\/\/api.w.org\/{rel}","templated":true}]}}