{"id":1305,"date":"2025-09-14T21:18:56","date_gmt":"2025-09-14T21:18:56","guid":{"rendered":"https:\/\/retalpro.com\/?post_type=product&#038;p=1305"},"modified":"2025-09-20T23:44:28","modified_gmt":"2025-09-20T23:44:28","slug":"balai-cantonnier-pvc-solide","status":"publish","type":"product","link":"https:\/\/retalpro.com\/en\/product\/balai-cantonnier-pvc-solide\/","title":{"rendered":"Solid PVC road sweeper"},"content":{"rendered":"<p data-start=\"143\" data-end=\"454\">Le <strong data-start=\"146\" data-end=\"177\">Solid PVC road sweeper<\/strong> de 60 cm est sp\u00e9cialement con\u00e7u pour un nettoyage <strong data-start=\"228\" data-end=\"250\">rapide et efficace<\/strong> des surfaces int\u00e9rieures comme ext\u00e9rieures. Gr\u00e2ce \u00e0 ses <strong data-start=\"307\" data-end=\"332\">poils robustes en PVC<\/strong>, il permet de ramasser facilement la poussi\u00e8re, les salet\u00e9s et les d\u00e9bris, m\u00eame sur des sols irr\u00e9guliers ou difficiles.<\/p>\n<p data-start=\"456\" data-end=\"720\">Sa largeur de travail de <strong data-start=\"481\" data-end=\"490\">60 cm<\/strong> assure une couverture optimale, id\u00e9ale pour les grands espaces. Durable et r\u00e9sistant, ce balai est parfaitement adapt\u00e9 aux usages intensifs, que ce soit dans les foyers, les espaces publics ou les environnements professionnels.<\/p>\n<p data-start=\"722\" data-end=\"746\"><strong data-start=\"722\" data-end=\"744\">Caract\u00e9ristiques :<\/strong><\/p>\n<ul data-start=\"747\" data-end=\"877\">\n<li data-start=\"747\" data-end=\"766\">\n<p data-start=\"749\" data-end=\"766\">Largeur : 60 cm<\/p>\n<\/li>\n<li data-start=\"767\" data-end=\"792\">\n<p data-start=\"769\" data-end=\"792\">Mat\u00e9riau : PVC solide<\/p>\n<\/li>\n<li data-start=\"793\" data-end=\"833\">\n<p data-start=\"795\" data-end=\"833\">Utilisation : Int\u00e9rieur et ext\u00e9rieur<\/p>\n<\/li>\n<li data-start=\"834\" data-end=\"877\">\n<p data-start=\"836\" data-end=\"877\">Poils robustes pour poussi\u00e8re et d\u00e9bris<\/p>\n<\/li>\n<\/ul>\n<p data-start=\"879\" data-end=\"896\"><strong data-start=\"879\" data-end=\"894\">Avantages :<\/strong><\/p>\n<ul data-start=\"897\" data-end=\"1080\">\n<li data-start=\"897\" data-end=\"929\">\n<p data-start=\"899\" data-end=\"929\">Nettoyage rapide et efficace<\/p>\n<\/li>\n<li data-start=\"930\" data-end=\"977\">\n<p data-start=\"932\" data-end=\"977\">Grande largeur pour couvrir plus de surface<\/p>\n<\/li>\n<li data-start=\"978\" data-end=\"1025\">\n<p data-start=\"980\" data-end=\"1025\">R\u00e9sistant et durable pour un usage fr\u00e9quent<\/p>\n<\/li>\n<li data-start=\"1026\" data-end=\"1080\">\n<p data-start=\"1028\" data-end=\"1080\">Convient aux particuliers comme aux professionnels<\/p>\n<\/li>\n<\/ul>","protected":false},"excerpt":{"rendered":"<p><strong data-start=\"1140\" data-end=\"1177\">Balai Cantonnier PVC Solide 60 cm<\/strong> \u2013 robuste et durable, il ramasse efficacement poussi\u00e8re et d\u00e9bris sur toutes les surfaces int\u00e9rieures et ext\u00e9rieures.<\/p>","protected":false},"featured_media":1306,"template":"","meta":[],"product_brand":[],"product_cat":[45,29],"product_tag":[],"class_list":{"0":"post-1305","1":"product","2":"type-product","3":"status-publish","4":"has-post-thumbnail","6":"product_cat-balais","7":"product_cat-outils-de-nettoyage","9":"first","10":"instock","11":"shipping-taxable","12":"product-type-simple"},"_links":{"self":[{"href":"https:\/\/retalpro.com\/en\/wp-json\/wp\/v2\/product\/1305","targetHints":{"allow":["GET"]}}],"collection":[{"href":"https:\/\/retalpro.com\/en\/wp-json\/wp\/v2\/product"}],"about":[{"href":"https:\/\/retalpro.com\/en\/wp-json\/wp\/v2\/types\/product"}],"wp:featuredmedia":[{"embeddable":true,"href":"https:\/\/retalpro.com\/en\/wp-json\/wp\/v2\/media\/1306"}],"wp:attachment":[{"href":"https:\/\/retalpro.com\/en\/wp-json\/wp\/v2\/media?parent=1305"}],"wp:term":[{"taxonomy":"product_brand","embeddable":true,"href":"https:\/\/retalpro.com\/en\/wp-json\/wp\/v2\/product_brand?post=1305"},{"taxonomy":"product_cat","embeddable":true,"href":"https:\/\/retalpro.com\/en\/wp-json\/wp\/v2\/product_cat?post=1305"},{"taxonomy":"product_tag","embeddable":true,"href":"https:\/\/retalpro.com\/en\/wp-json\/wp\/v2\/product_tag?post=1305"}],"curies":[{"name":"wp","href":"https:\/\/api.w.org\/{rel}","templated":true}]}}