{"id":1307,"date":"2025-09-14T21:21:56","date_gmt":"2025-09-14T21:21:56","guid":{"rendered":"https:\/\/retalpro.com\/?post_type=product&#038;p=1307"},"modified":"2025-09-20T23:45:31","modified_gmt":"2025-09-20T23:45:31","slug":"pelle-industrielle","status":"publish","type":"product","link":"https:\/\/retalpro.com\/en\/product\/pelle-industrielle\/","title":{"rendered":"Industrial Excavator"},"content":{"rendered":"<p data-start=\"134\" data-end=\"427\">La <strong data-start=\"137\" data-end=\"159\">Industrial Excavator<\/strong> est con\u00e7ue pour r\u00e9pondre aux besoins de <strong data-start=\"200\" data-end=\"229\">d\u00e9blais et de d\u00e9neigement<\/strong> dans les environnements les plus exigeants. Fabriqu\u00e9e en <strong data-start=\"287\" data-end=\"321\">mat\u00e9riaux robustes et durables<\/strong>, elle garantit une utilisation longue dur\u00e9e et une performance fiable, m\u00eame face aux t\u00e2ches intensives.<\/p>\n<p data-start=\"429\" data-end=\"725\">Id\u00e9ale pour <strong data-start=\"441\" data-end=\"473\">d\u00e9placer des charges lourdes<\/strong> avec facilit\u00e9, cette pelle est parfaitement adapt\u00e9e aux <strong data-start=\"530\" data-end=\"595\">sites de construction, entrep\u00f4ts et grands espaces ext\u00e9rieurs<\/strong>. Son design ergonomique assure une bonne prise en main et une efficacit\u00e9 optimale, tout en r\u00e9duisant l\u2019effort de l\u2019utilisateur.<\/p>\n<p data-start=\"727\" data-end=\"751\"><strong data-start=\"727\" data-end=\"749\">Caract\u00e9ristiques :<\/strong><\/p>\n<ul data-start=\"752\" data-end=\"965\">\n<li data-start=\"752\" data-end=\"803\">\n<p data-start=\"754\" data-end=\"803\">Mat\u00e9riaux robustes pour une durabilit\u00e9 optimale<\/p>\n<\/li>\n<li data-start=\"804\" data-end=\"859\">\n<p data-start=\"806\" data-end=\"859\">Con\u00e7ue pour le d\u00e9neigement et le d\u00e9blayage intensif<\/p>\n<\/li>\n<li data-start=\"860\" data-end=\"916\">\n<p data-start=\"862\" data-end=\"916\">Adapt\u00e9e aux environnements industriels et ext\u00e9rieurs<\/p>\n<\/li>\n<li data-start=\"917\" data-end=\"965\">\n<p data-start=\"919\" data-end=\"965\">Ergonomique pour une meilleure prise en main<\/p>\n<\/li>\n<\/ul>\n<p data-start=\"967\" data-end=\"984\"><strong data-start=\"967\" data-end=\"982\">Avantages :<\/strong><\/p>\n<ul data-start=\"985\" data-end=\"1174\">\n<li data-start=\"985\" data-end=\"1027\">\n<p data-start=\"987\" data-end=\"1027\">D\u00e9placement facile des charges lourdes<\/p>\n<\/li>\n<li data-start=\"1028\" data-end=\"1066\">\n<p data-start=\"1030\" data-end=\"1066\">R\u00e9sistante aux conditions extr\u00eames<\/p>\n<\/li>\n<li data-start=\"1067\" data-end=\"1124\">\n<p data-start=\"1069\" data-end=\"1124\">Id\u00e9ale pour une utilisation professionnelle intensive<\/p>\n<\/li>\n<li data-start=\"1125\" data-end=\"1174\">\n<p data-start=\"1127\" data-end=\"1174\">Confort d\u2019utilisation et efficacit\u00e9 renforc\u00e9e<\/p>\n<\/li>\n<\/ul>","protected":false},"excerpt":{"rendered":"<p><strong data-start=\"1234\" data-end=\"1256\">Industrial Excavator<\/strong> \u2013 robuste et ergonomique, id\u00e9ale pour le d\u00e9neigement, le d\u00e9blayage et le d\u00e9placement de charges lourdes dans les environnements exigeants.<\/p>","protected":false},"featured_media":1308,"template":"","meta":[],"product_brand":[],"product_cat":[45,29],"product_tag":[],"class_list":{"0":"post-1307","1":"product","2":"type-product","3":"status-publish","4":"has-post-thumbnail","6":"product_cat-balais","7":"product_cat-outils-de-nettoyage","9":"first","10":"instock","11":"shipping-taxable","12":"product-type-simple"},"_links":{"self":[{"href":"https:\/\/retalpro.com\/en\/wp-json\/wp\/v2\/product\/1307","targetHints":{"allow":["GET"]}}],"collection":[{"href":"https:\/\/retalpro.com\/en\/wp-json\/wp\/v2\/product"}],"about":[{"href":"https:\/\/retalpro.com\/en\/wp-json\/wp\/v2\/types\/product"}],"wp:featuredmedia":[{"embeddable":true,"href":"https:\/\/retalpro.com\/en\/wp-json\/wp\/v2\/media\/1308"}],"wp:attachment":[{"href":"https:\/\/retalpro.com\/en\/wp-json\/wp\/v2\/media?parent=1307"}],"wp:term":[{"taxonomy":"product_brand","embeddable":true,"href":"https:\/\/retalpro.com\/en\/wp-json\/wp\/v2\/product_brand?post=1307"},{"taxonomy":"product_cat","embeddable":true,"href":"https:\/\/retalpro.com\/en\/wp-json\/wp\/v2\/product_cat?post=1307"},{"taxonomy":"product_tag","embeddable":true,"href":"https:\/\/retalpro.com\/en\/wp-json\/wp\/v2\/product_tag?post=1307"}],"curies":[{"name":"wp","href":"https:\/\/api.w.org\/{rel}","templated":true}]}}