{"id":1311,"date":"2025-09-14T21:26:48","date_gmt":"2025-09-14T21:26:48","guid":{"rendered":"https:\/\/retalpro.com\/?post_type=product&#038;p=1311"},"modified":"2025-09-20T23:52:55","modified_gmt":"2025-09-20T23:52:55","slug":"perche-telescopique","status":"publish","type":"product","link":"https:\/\/retalpro.com\/en\/product\/perche-telescopique\/","title":{"rendered":"Telescopic pole"},"content":{"rendered":"<p data-start=\"135\" data-end=\"398\">La <strong data-start=\"138\" data-end=\"174\">Perche T\u00e9lescopique en aluminium<\/strong> est l\u2019outil id\u00e9al pour atteindre les zones en hauteur en toute s\u00e9curit\u00e9 et sans effort. Con\u00e7ue en <strong data-start=\"273\" data-end=\"303\">aluminium l\u00e9ger et robuste<\/strong>, elle offre une excellente maniabilit\u00e9 tout en garantissant une grande r\u00e9sistance \u00e0 l\u2019usage.<\/p>\n<p data-start=\"400\" data-end=\"723\">Disponible en plusieurs tailles, elle s\u2019adapte parfaitement aux diff\u00e9rents besoins de nettoyage professionnel ou domestique : vitres, fa\u00e7ades, plafonds, enseignes, panneaux solaires, etc. Son syst\u00e8me t\u00e9lescopique pratique permet un <strong data-start=\"632\" data-end=\"675\">r\u00e9glage rapide et pr\u00e9cis de la longueur<\/strong>, assurant confort et efficacit\u00e9 au quotidien.<\/p>\n<p data-start=\"725\" data-end=\"752\"><strong data-start=\"725\" data-end=\"750\">Tailles disponibles :<\/strong><\/p>\n<ul data-start=\"753\" data-end=\"805\">\n<li data-start=\"753\" data-end=\"762\">\n<p data-start=\"755\" data-end=\"762\">1,8 m<\/p>\n<\/li>\n<li data-start=\"763\" data-end=\"770\">\n<p data-start=\"765\" data-end=\"770\">3 m<\/p>\n<\/li>\n<li data-start=\"771\" data-end=\"780\">\n<p data-start=\"773\" data-end=\"780\">4,5 m<\/p>\n<\/li>\n<li data-start=\"781\" data-end=\"788\">\n<p data-start=\"783\" data-end=\"788\">6 m<\/p>\n<\/li>\n<li data-start=\"789\" data-end=\"796\">\n<p data-start=\"791\" data-end=\"796\">9 m<\/p>\n<\/li>\n<li data-start=\"797\" data-end=\"805\">\n<p data-start=\"799\" data-end=\"805\">11 m<\/p>\n<\/li>\n<\/ul>\n<p data-start=\"807\" data-end=\"831\"><strong data-start=\"807\" data-end=\"829\">Caract\u00e9ristiques :<\/strong><\/p>\n<ul data-start=\"832\" data-end=\"1012\">\n<li data-start=\"832\" data-end=\"872\">\n<p data-start=\"834\" data-end=\"872\">Mat\u00e9riau : Aluminium l\u00e9ger et solide<\/p>\n<\/li>\n<li data-start=\"873\" data-end=\"904\">\n<p data-start=\"875\" data-end=\"904\">R\u00e9glage t\u00e9lescopique facile<\/p>\n<\/li>\n<li data-start=\"905\" data-end=\"966\">\n<p data-start=\"907\" data-end=\"966\">Conception ergonomique pour une prise en main confortable<\/p>\n<\/li>\n<li data-start=\"967\" data-end=\"1012\">\n<p data-start=\"969\" data-end=\"1012\">Adapt\u00e9e \u00e0 divers accessoires de nettoyage<\/p>\n<\/li>\n<\/ul>\n<p data-start=\"1014\" data-end=\"1031\"><strong data-start=\"1014\" data-end=\"1029\">Avantages :<\/strong><\/p>\n<ul data-start=\"1032\" data-end=\"1192\">\n<li data-start=\"1032\" data-end=\"1077\">\n<p data-start=\"1034\" data-end=\"1077\">Atteint les zones en hauteur sans \u00e9chelle<\/p>\n<\/li>\n<li data-start=\"1078\" data-end=\"1103\">\n<p data-start=\"1080\" data-end=\"1103\">R\u00e9sistante et durable<\/p>\n<\/li>\n<li data-start=\"1104\" data-end=\"1153\">\n<p data-start=\"1106\" data-end=\"1153\">Polyvalente pour usage int\u00e9rieur et ext\u00e9rieur<\/p>\n<\/li>\n<li data-start=\"1154\" data-end=\"1192\">\n<p data-start=\"1156\" data-end=\"1192\">Facile \u00e0 utiliser et \u00e0 transporter<\/p>\n<\/li>\n<\/ul>","protected":false},"excerpt":{"rendered":"<p><strong data-start=\"1252\" data-end=\"1288\">Perche T\u00e9lescopique en Aluminium<\/strong> \u2013 l\u00e9g\u00e8re, robuste et r\u00e9glable, disponible de 1,8 m \u00e0 11 m pour atteindre toutes les zones en hauteur.<\/p>","protected":false},"featured_media":1312,"template":"","meta":[],"product_brand":[],"product_cat":[46,29],"product_tag":[],"class_list":{"0":"post-1311","1":"product","2":"type-product","3":"status-publish","4":"has-post-thumbnail","6":"product_cat-manches","7":"product_cat-outils-de-nettoyage","9":"first","10":"instock","11":"shipping-taxable","12":"product-type-simple"},"_links":{"self":[{"href":"https:\/\/retalpro.com\/en\/wp-json\/wp\/v2\/product\/1311","targetHints":{"allow":["GET"]}}],"collection":[{"href":"https:\/\/retalpro.com\/en\/wp-json\/wp\/v2\/product"}],"about":[{"href":"https:\/\/retalpro.com\/en\/wp-json\/wp\/v2\/types\/product"}],"wp:featuredmedia":[{"embeddable":true,"href":"https:\/\/retalpro.com\/en\/wp-json\/wp\/v2\/media\/1312"}],"wp:attachment":[{"href":"https:\/\/retalpro.com\/en\/wp-json\/wp\/v2\/media?parent=1311"}],"wp:term":[{"taxonomy":"product_brand","embeddable":true,"href":"https:\/\/retalpro.com\/en\/wp-json\/wp\/v2\/product_brand?post=1311"},{"taxonomy":"product_cat","embeddable":true,"href":"https:\/\/retalpro.com\/en\/wp-json\/wp\/v2\/product_cat?post=1311"},{"taxonomy":"product_tag","embeddable":true,"href":"https:\/\/retalpro.com\/en\/wp-json\/wp\/v2\/product_tag?post=1311"}],"curies":[{"name":"wp","href":"https:\/\/api.w.org\/{rel}","templated":true}]}}