{"id":1315,"date":"2025-09-14T21:30:36","date_gmt":"2025-09-14T21:30:36","guid":{"rendered":"https:\/\/retalpro.com\/?post_type=product&#038;p=1315"},"modified":"2025-09-20T23:57:48","modified_gmt":"2025-09-20T23:57:48","slug":"poubelle-a-pedale","status":"publish","type":"product","link":"https:\/\/retalpro.com\/en\/product\/poubelle-a-pedale\/","title":{"rendered":"Pedal Bin"},"content":{"rendered":"<p data-start=\"133\" data-end=\"373\">La <strong data-start=\"136\" data-end=\"157\">Pedal Bin<\/strong> est une solution pratique et hygi\u00e9nique pour la gestion des d\u00e9chets au quotidien. Gr\u00e2ce \u00e0 son syst\u00e8me d\u2019ouverture <strong data-start=\"272\" data-end=\"288\">sans contact<\/strong>, elle garantit une utilisation plus propre et limite la propagation des bact\u00e9ries.<\/p>\n<p data-start=\"375\" data-end=\"655\">Avec son <strong data-start=\"384\" data-end=\"413\">design moderne et compact<\/strong>, elle s\u2019int\u00e8gre parfaitement dans tous les espaces, que ce soit la <strong data-start=\"481\" data-end=\"523\">cuisine, la salle de bain ou le bureau<\/strong>. Disponible en plusieurs capacit\u00e9s, elle s\u2019adapte \u00e0 vos besoins, de la petite utilisation domestique aux espaces plus fr\u00e9quent\u00e9s.<\/p>\n<p data-start=\"657\" data-end=\"684\"><strong data-start=\"657\" data-end=\"682\">Tailles disponibles :<\/strong><\/p>\n<ul data-start=\"685\" data-end=\"709\">\n<li data-start=\"685\" data-end=\"692\">\n<p data-start=\"687\" data-end=\"692\">5 L<\/p>\n<\/li>\n<li data-start=\"693\" data-end=\"700\">\n<p data-start=\"695\" data-end=\"700\">8 L<\/p>\n<\/li>\n<li data-start=\"701\" data-end=\"709\">\n<p data-start=\"703\" data-end=\"709\">12 L<\/p>\n<\/li>\n<\/ul>\n<p data-start=\"711\" data-end=\"735\"><strong data-start=\"711\" data-end=\"733\">Caract\u00e9ristiques :<\/strong><\/p>\n<ul data-start=\"736\" data-end=\"907\">\n<li data-start=\"736\" data-end=\"779\">\n<p data-start=\"738\" data-end=\"779\">Ouverture \u00e0 p\u00e9dale, sans contact manuel<\/p>\n<\/li>\n<li data-start=\"780\" data-end=\"813\">\n<p data-start=\"782\" data-end=\"813\">Design moderne et fonctionnel<\/p>\n<\/li>\n<li data-start=\"814\" data-end=\"847\">\n<p data-start=\"816\" data-end=\"847\">Compacte et facile \u00e0 int\u00e9grer<\/p>\n<\/li>\n<li data-start=\"848\" data-end=\"907\">\n<p data-start=\"850\" data-end=\"907\">Adapt\u00e9e aux usages domestiques et professionnels l\u00e9gers<\/p>\n<\/li>\n<\/ul>\n<p data-start=\"909\" data-end=\"926\"><strong data-start=\"909\" data-end=\"924\">Avantages :<\/strong><\/p>\n<ul data-start=\"927\" data-end=\"1090\">\n<li data-start=\"927\" data-end=\"974\">\n<p data-start=\"929\" data-end=\"974\">Hygi\u00e8ne renforc\u00e9e gr\u00e2ce au syst\u00e8me \u00e0 p\u00e9dale<\/p>\n<\/li>\n<li data-start=\"975\" data-end=\"1011\">\n<p data-start=\"977\" data-end=\"1011\">Pratique et simple d\u2019utilisation<\/p>\n<\/li>\n<li data-start=\"1012\" data-end=\"1065\">\n<p data-start=\"1014\" data-end=\"1065\">Disponible en plusieurs tailles selon vos besoins<\/p>\n<\/li>\n<li data-start=\"1066\" data-end=\"1090\">\n<p data-start=\"1068\" data-end=\"1090\">\u00c9l\u00e9gante et discr\u00e8te<\/p>\n<\/li>\n<\/ul>","protected":false},"excerpt":{"rendered":"<p><strong data-start=\"1150\" data-end=\"1171\">Pedal Bin<\/strong> \u2013 hygi\u00e9nique, pratique et moderne, disponible en 5L, 8L et 12L, id\u00e9ale pour cuisine, salle de bain ou bureau.<\/p>","protected":false},"featured_media":1316,"template":"","meta":[],"product_brand":[],"product_cat":[29,48],"product_tag":[],"class_list":{"0":"post-1315","1":"product","2":"type-product","3":"status-publish","4":"has-post-thumbnail","6":"product_cat-outils-de-nettoyage","7":"product_cat-poubelles","9":"first","10":"instock","11":"shipping-taxable","12":"product-type-simple"},"_links":{"self":[{"href":"https:\/\/retalpro.com\/en\/wp-json\/wp\/v2\/product\/1315","targetHints":{"allow":["GET"]}}],"collection":[{"href":"https:\/\/retalpro.com\/en\/wp-json\/wp\/v2\/product"}],"about":[{"href":"https:\/\/retalpro.com\/en\/wp-json\/wp\/v2\/types\/product"}],"wp:featuredmedia":[{"embeddable":true,"href":"https:\/\/retalpro.com\/en\/wp-json\/wp\/v2\/media\/1316"}],"wp:attachment":[{"href":"https:\/\/retalpro.com\/en\/wp-json\/wp\/v2\/media?parent=1315"}],"wp:term":[{"taxonomy":"product_brand","embeddable":true,"href":"https:\/\/retalpro.com\/en\/wp-json\/wp\/v2\/product_brand?post=1315"},{"taxonomy":"product_cat","embeddable":true,"href":"https:\/\/retalpro.com\/en\/wp-json\/wp\/v2\/product_cat?post=1315"},{"taxonomy":"product_tag","embeddable":true,"href":"https:\/\/retalpro.com\/en\/wp-json\/wp\/v2\/product_tag?post=1315"}],"curies":[{"name":"wp","href":"https:\/\/api.w.org\/{rel}","templated":true}]}}