{"id":1317,"date":"2025-09-14T21:33:02","date_gmt":"2025-09-14T21:33:02","guid":{"rendered":"https:\/\/retalpro.com\/?post_type=product&#038;p=1317"},"modified":"2025-09-21T00:01:15","modified_gmt":"2025-09-21T00:01:15","slug":"bac-a-dechets-en-plastique","status":"publish","type":"product","link":"https:\/\/retalpro.com\/en\/product\/bac-a-dechets-en-plastique\/","title":{"rendered":"Plastic waste bin"},"content":{"rendered":"<p data-start=\"142\" data-end=\"428\">Le <strong data-start=\"145\" data-end=\"175\">Bac \u00e0 D\u00e9chets en Plastique<\/strong> est con\u00e7u pour faciliter la gestion des d\u00e9chets et encourager le <strong data-start=\"241\" data-end=\"257\">tri s\u00e9lectif<\/strong> au quotidien. Disponible en plusieurs couleurs (bleu, jaune, vert, rouge, gris), il permet d\u2019identifier facilement chaque type de d\u00e9chet pour un tri simple et efficace.<\/p>\n<p data-start=\"430\" data-end=\"729\">Fabriqu\u00e9 en <strong data-start=\"442\" data-end=\"476\">plastique robuste et r\u00e9sistant<\/strong>, ce bac est \u00e0 la fois durable et facile \u00e0 manipuler gr\u00e2ce \u00e0 sa conception ergonomique. Il s\u2019adapte aussi bien \u00e0 une utilisation <strong data-start=\"605\" data-end=\"619\">domestique<\/strong> qu\u2019aux besoins <strong data-start=\"635\" data-end=\"653\">professionnels<\/strong>, dans les bureaux, ateliers, \u00e9tablissements scolaires ou espaces publics.<\/p>\n<p data-start=\"731\" data-end=\"759\"><strong data-start=\"731\" data-end=\"757\">Couleurs disponibles :<\/strong><\/p>\n<ul data-start=\"760\" data-end=\"806\">\n<li data-start=\"760\" data-end=\"768\">\n<p data-start=\"762\" data-end=\"768\">Bleu<\/p>\n<\/li>\n<li data-start=\"769\" data-end=\"778\">\n<p data-start=\"771\" data-end=\"778\">Jaune<\/p>\n<\/li>\n<li data-start=\"779\" data-end=\"787\">\n<p data-start=\"781\" data-end=\"787\">Vert<\/p>\n<\/li>\n<li data-start=\"788\" data-end=\"797\">\n<p data-start=\"790\" data-end=\"797\">Rouge<\/p>\n<\/li>\n<li data-start=\"798\" data-end=\"806\">\n<p data-start=\"800\" data-end=\"806\">Gris<\/p>\n<\/li>\n<\/ul>\n<p data-start=\"808\" data-end=\"837\"><strong data-start=\"808\" data-end=\"835\">Capacit\u00e9s disponibles :<\/strong><\/p>\n<ul data-start=\"838\" data-end=\"864\">\n<li data-start=\"838\" data-end=\"846\">\n<p data-start=\"840\" data-end=\"846\">20 L<\/p>\n<\/li>\n<li data-start=\"847\" data-end=\"855\">\n<p data-start=\"849\" data-end=\"855\">30 L<\/p>\n<\/li>\n<li data-start=\"856\" data-end=\"864\">\n<p data-start=\"858\" data-end=\"864\">45 L<\/p>\n<\/li>\n<\/ul>\n<p data-start=\"866\" data-end=\"890\"><strong data-start=\"866\" data-end=\"888\">Caract\u00e9ristiques :<\/strong><\/p>\n<ul data-start=\"891\" data-end=\"1061\">\n<li data-start=\"891\" data-end=\"933\">\n<p data-start=\"893\" data-end=\"933\">Mat\u00e9riau : Plastique solide et durable<\/p>\n<\/li>\n<li data-start=\"934\" data-end=\"977\">\n<p data-start=\"936\" data-end=\"977\">Diff\u00e9rentes couleurs pour un tri facile<\/p>\n<\/li>\n<li data-start=\"978\" data-end=\"1016\">\n<p data-start=\"980\" data-end=\"1016\">Conception ergonomique et pratique<\/p>\n<\/li>\n<li data-start=\"1017\" data-end=\"1061\">\n<p data-start=\"1019\" data-end=\"1061\">Adapt\u00e9 \u00e0 un usage int\u00e9rieur et ext\u00e9rieur<\/p>\n<\/li>\n<\/ul>\n<p data-start=\"1063\" data-end=\"1080\"><strong data-start=\"1063\" data-end=\"1078\">Avantages :<\/strong><\/p>\n<ul data-start=\"1081\" data-end=\"1285\">\n<li data-start=\"1081\" data-end=\"1146\">\n<p data-start=\"1083\" data-end=\"1146\">Favorise le tri s\u00e9lectif et la gestion \u00e9cologique des d\u00e9chets<\/p>\n<\/li>\n<li data-start=\"1147\" data-end=\"1190\">\n<p data-start=\"1149\" data-end=\"1190\">Robuste et r\u00e9sistant \u00e0 l\u2019usage intensif<\/p>\n<\/li>\n<li data-start=\"1191\" data-end=\"1244\">\n<p data-start=\"1193\" data-end=\"1244\">Disponible en plusieurs tailles selon vos besoins<\/p>\n<\/li>\n<li data-start=\"1245\" data-end=\"1285\">\n<p data-start=\"1247\" data-end=\"1285\">Simple \u00e0 transporter et \u00e0 entretenir<\/p>\n<\/li>\n<\/ul>","protected":false},"excerpt":{"rendered":"<p><strong data-start=\"1345\" data-end=\"1375\">Bac \u00e0 D\u00e9chets en Plastique<\/strong> \u2013 robuste et pratique, disponible en plusieurs couleurs et tailles (20L, 30L, 45L), id\u00e9al pour le tri s\u00e9lectif.<\/p>","protected":false},"featured_media":1322,"template":"","meta":[],"product_brand":[],"product_cat":[29,48],"product_tag":[],"class_list":{"0":"post-1317","1":"product","2":"type-product","3":"status-publish","4":"has-post-thumbnail","6":"product_cat-outils-de-nettoyage","7":"product_cat-poubelles","9":"first","10":"instock","11":"shipping-taxable","12":"product-type-simple"},"_links":{"self":[{"href":"https:\/\/retalpro.com\/en\/wp-json\/wp\/v2\/product\/1317","targetHints":{"allow":["GET"]}}],"collection":[{"href":"https:\/\/retalpro.com\/en\/wp-json\/wp\/v2\/product"}],"about":[{"href":"https:\/\/retalpro.com\/en\/wp-json\/wp\/v2\/types\/product"}],"wp:featuredmedia":[{"embeddable":true,"href":"https:\/\/retalpro.com\/en\/wp-json\/wp\/v2\/media\/1322"}],"wp:attachment":[{"href":"https:\/\/retalpro.com\/en\/wp-json\/wp\/v2\/media?parent=1317"}],"wp:term":[{"taxonomy":"product_brand","embeddable":true,"href":"https:\/\/retalpro.com\/en\/wp-json\/wp\/v2\/product_brand?post=1317"},{"taxonomy":"product_cat","embeddable":true,"href":"https:\/\/retalpro.com\/en\/wp-json\/wp\/v2\/product_cat?post=1317"},{"taxonomy":"product_tag","embeddable":true,"href":"https:\/\/retalpro.com\/en\/wp-json\/wp\/v2\/product_tag?post=1317"}],"curies":[{"name":"wp","href":"https:\/\/api.w.org\/{rel}","templated":true}]}}